{"id":6487,"date":"2018-05-31T08:21:34","date_gmt":"2018-05-31T08:21:34","guid":{"rendered":"https:\/\/aromis.cat\/?page_id=6487"},"modified":"2025-10-15T07:47:00","modified_gmt":"2025-10-15T07:47:00","slug":"avis-legal","status":"publish","type":"page","link":"https:\/\/fruitssp.com\/es\/avis-legal\/","title":{"rendered":"Aviso legal"},"content":{"rendered":"<section class=\"l-section wpb_row height_medium color_alternate\"><div class=\"l-section-overlay\" style=\"background:#29b28f\"><\/div><div class=\"l-section-h i-cf\"><div class=\"g-cols vc_row via_grid cols_1 laptops-cols_inherit tablets-cols_inherit mobiles-cols_1 valign_middle type_default stacking_default\"><div class=\"wpb_column vc_column_container\"><div class=\"vc_column-inner\"><h1 class=\"w-post-elm post_title us_custom_064d9100 align_center entry-title color_link_inherit\">Aviso legal<\/h1><\/div><\/div><\/div><\/div><\/section><section class=\"l-section wpb_row height_medium\"><div class=\"l-section-h i-cf\"><div class=\"g-cols vc_row via_grid cols_1 laptops-cols_inherit tablets-cols_inherit mobiles-cols_1 valign_top type_default stacking_default\"><div class=\"wpb_column vc_column_container\"><div class=\"vc_column-inner\"><div class=\"wpb_text_column\"><div class=\"wpb_wrapper\"><\/div><\/div><div class=\"w-separator size_custom\" style=\"height:32px\"><\/div><div class=\"wpb_text_column\"><div class=\"wpb_wrapper\"><p>Esta p\u00e1gina Web es propiedad de <strong>Salses Fruits S &amp; P<\/strong>, Con domicilio en Ctra. Cabra del Camp - 43811 FIGUEROLA DEL CAMPO - Tarragona, Catalu\u00f1a (Espa\u00f1a).<\/p>\n<p>Para cualquier pregunta o propuesta, contacten al e-mail: jsans@fruitssp.com<\/p>\n<p>Esta p\u00e1gina Web se rige por la normativa exclusivamente aplicable en Espa\u00f1a, quedando sometida a ella, tanto nacionales como extranjeros que utilicen esta Web.<\/p>\n<p>El acceso a nuestra p\u00e1gina Web por parte del USUARIO es gratuito y est\u00e1 condicionado a la previa lectura y aceptaci\u00f3n integra, expresa y sin reservas de las presentes CONDICIONES GENERALES DE USO vigentes en el momento del acceso, que rogamos que lea detalladamente. El USUARIO en el momento que utiliza nuestro portal, contenidos o servicios, acepta y se somete expresamente a las condiciones generales de uso del mismo. Si el usuario no estuviera de acuerdo con estas condiciones de uso, deber\u00e1 abstenerse de utilizar este portal y operar por medio del mismo.<\/p>\n<p>En cualquier momento podremos modificar la presentaci\u00f3n y configuraci\u00f3n de nuestra Web, ampliar o reducir servicios, o incluso suprimirla de la Red, as\u00ed como los servicios y contenidos prestados, de forma unilateral y sin previos aviso.<\/p>\n<\/div><\/div><div class=\"w-separator size_custom\" style=\"height:32px\"><\/div><div class=\"wpb_text_column\"><div class=\"wpb_wrapper\"><p>A. PROPIEDAD INTELECTUAL<br \/>\nTodos los contenidos, textos, im\u00e1genes, marcas y c\u00f3digos fuente, son de nuestra propiedad o de terceros a los que se han adquirido sus derechos de explotaci\u00f3n, y est\u00e1n protegidos por los derechos de Propiedad Intelectual e Industrial.<\/p>\n<p>El usuario \u00fanicamente tiene derecho a un uso privado de los mismos, sin \u00e1nimo de lucro, y necesita autorizaci\u00f3n expresa para modificarlos, reproducirlos, explotarlos, distribuirlos o ejercer cualquier derecho propiedad de su titular.<\/p>\n<\/div><\/div><div class=\"w-separator size_custom\" style=\"height:32px\"><\/div><div class=\"wpb_text_column\"><div class=\"wpb_wrapper\"><p>B. CONDICIONES DE ACCESO<br \/>\nEl acceso a nuestra p\u00e1gina Web es gratuito y no exige previa suscripci\u00f3n o registro.<\/p>\n<p>El env\u00edo de datos personales, implica la aceptaci\u00f3n expresa por parte del USUARIO de nuestra pol\u00edtica de privacidad.<\/p>\n<p>El usuario debe acceder a nuestra p\u00e1gina Web conforme a la buena fe, las normas de orden p\u00fablico y en las presentes Condiciones Generales de uso. El acceso a nuestro sitio Web se realiza con la propia y exclusiva responsabilidad del usuario, que responder\u00e1 en todo caso de los da\u00f1os y perjuicios que pueda causar a terceros, o, a nosotros mismos.<\/p>\n<p>Teniendo en cuenta la imposibilidad de control respecto a la informaci\u00f3n, contenidos y servicios que contengan otras p\u00e1ginas web a los que se pueda acceder a trav\u00e9s de los enlaces de nuestra p\u00e1gina web ponga a su disposici\u00f3n, le comunicamos que quedamos eximidos de cualquier responsabilidad por los da\u00f1os y perjuicios de toda clase que pudieran derivarse por utilizaci\u00f3n de estas p\u00e1ginas web, ajenas a nuestra empresa, por parte del usuario.<\/p>\n<\/div><\/div><\/div><\/div><\/div><\/div><\/section><section class=\"l-section wpb_row height_medium\"><div class=\"l-section-h i-cf\"><div class=\"g-cols vc_row via_grid cols_1 laptops-cols_inherit tablets-cols_inherit mobiles-cols_1 valign_top type_default stacking_default\"><div class=\"wpb_column vc_column_container\"><div class=\"vc_column-inner\"><div class=\"wpb_text_column\"><div class=\"wpb_wrapper\"><p>C. POL\u00cdTICA DE PRIVACIDAD<br \/>\nLa confidencialidad y la seguridad son valores primordiales de Salsas Frutos S &amp; P y, en consecuencia, asumimos el compromiso de garantizar la privacidad del Usuario en todo momento y de no recabar informaci\u00f3n innecesaria. A continuaci\u00f3n, le proporcionamos toda la informaci\u00f3n necesaria sobre nuestra Pol\u00edtica de Privacidad en relaci\u00f3n con los datos personales que recogemos, explic\u00e1ndole:<\/p>\n<p>\u00bfQui\u00e9n es el responsable del tratamiento de sus datos.<br \/>\nPara qu\u00e9 fines recogemos los datos que le solicitamos.<br \/>\n\u00bfCu\u00e1l es la legitimaci\u00f3n para su tratamiento.<br \/>\nDurante qu\u00e9 tiempo los conservamos.<br \/>\nA qu\u00e9 destinatarios se comunican sus datos.<br \/>\n\u00bfCu\u00e1les son sus derechos.<\/p>\n<\/div><\/div><div class=\"wpb_text_column\"><div class=\"wpb_wrapper\"><p>RESPONSABLE: ver datos en el encabezamiento.<\/p>\n<\/div><\/div><div class=\"wpb_text_column\"><div class=\"wpb_wrapper\"><p>FINES, LEGITIMACI\u00d3N Y CONSERVACI\u00d3N del tratamiento de los datos enviados a trav\u00e9s de:<\/p>\n<\/div><\/div><div class=\"wpb_text_column\"><div class=\"wpb_wrapper\"><p>Formulario de Contacto.<br \/>\nFinalidad: Facilitarle un medio para que pueda ponerse en contacto con nosotros y contestar a sus solicitudes de informaci\u00f3n, tambi\u00e9n enviarle comunicaciones de nuestros productos, servicios y actividades, por medios electr\u00f3nicos (correo electr\u00f3nico, SMS, Whatsapp), si marca la casilla de aceptaci\u00f3n.<\/p>\n<p>Legitimaci\u00f3n: El consentimiento del usuario en solicitarnos informaci\u00f3n a trav\u00e9s de nuestro formulario de contactos y en marcar la casilla de aceptaci\u00f3n del env\u00edo de informaci\u00f3n.<\/p>\n<p>Conservaci\u00f3n: Una vez resuelta su solicitud por medio de nuestro formulario o contestada por correo electr\u00f3nico, si no ha generado un nuevo tratamiento, y en caso de haber aceptado recibir env\u00edo comerciales, hasta que solicite la Baja de estos .<\/p>\n<\/div><\/div><div class=\"wpb_text_column\"><div class=\"wpb_wrapper\"><p>Env\u00edo de correos electr\u00f3nicos.<br \/>\nFinalidad: Contestar a sus solicitudes de informaci\u00f3n, atender sus peticiones y responder sus consultas o dudas. En caso de recibir su Curr\u00edculum Vitae, sus datos personales y curriculares podr\u00e1n formar parte de nuestras bases de datos para participar en nuestros procesos de selecci\u00f3n presentes y futuros.<\/p>\n<p>Legitimaci\u00f3n: El consentimiento del usuario en solicitarnos informaci\u00f3n a trav\u00e9s de la direcci\u00f3n de correo electr\u00f3nico o enviarnos sus datos y CV para participar en procesos de selecci\u00f3n.<\/p>\n<p>Conservaci\u00f3n: Una vez resulta contestada su petici\u00f3n por correo electr\u00f3nico, si no ha generado un nuevo tratamiento. En caso de recibir su CV, los datos podr\u00e1n ser conservados durante un a\u00f1o m\u00e1ximo para futuros procesos de selecci\u00f3n.<\/p>\n<\/div><\/div><div class=\"wpb_text_column\"><div class=\"wpb_wrapper\"><p>Obligaci\u00f3n de facilitar los datos personales y consecuencias de no hacerlo.<\/p>\n<p>El suministro de datos personales requiere una edad m\u00ednima de 14 a\u00f1os, o en su caso, disponer de capacidad jur\u00eddica suficiente para contratar.<\/p>\n<p>Los datos personales solicitados son necesarios para gestionar sus solicitudes, darlo de alta como usuario y \/ o prestarle los servicios que pueda contratar, por lo que, si no nos los facilita, no podremos atender correctamente ni darle el servicio que ha solicitado.<\/p>\n<p>En todos caso, nos reservamos el derecho de decidir sobre la incorporaci\u00f3n o no de sus datos personales y otra informaci\u00f3n en nuestras bases de datos.<\/p>\n<\/div><\/div><div class=\"wpb_text_column\"><div class=\"wpb_wrapper\"><p>DESTINATARIOS DE SUS DATOS.<br \/>\nSus datos son confidenciales y no se ceder\u00e1n a terceros, a menos que exista obligaci\u00f3n legal.<\/p>\n<\/div><\/div><div class=\"wpb_text_column\"><div class=\"wpb_wrapper\"><p>DERECHOS EN RELACI\u00d3N CON SUS DATOS PERSONALES.<br \/>\nCualquier persona puede retirar el consentimiento en cualquier momento, cuando se haya otorgado para el tratamiento de sus datos. En ning\u00fan caso, la retirada del consentimiento condiciona la ejecuci\u00f3n del contrato de suscripci\u00f3n o las relaciones generadas con anterioridad.<\/p>\n<p>Igualmente, puede ejercer los siguientes derechos:<\/p>\n<p>Solicitar el acceso a sus datos personales oa la rectificaci\u00f3n cuando sean inexactos.<br \/>\nSolicitar la supresi\u00f3n cuando, entre otros motivos, cuando los datos ya no sea necesarios para la finalidad en que fueron recogidos.<br \/>\nSolicitar la limitaci\u00f3n del tratamiento en determinadas circunstancias.<br \/>\nSolicitar la oposici\u00f3n al tratamiento de sus datos por motivos relacionados con su situaci\u00f3n particular.<br \/>\nSolicitar la portabilidad de los datos en los casos previstos en la normativa.<br \/>\nOtros derechos reconocidos a las normativas aplicables.<br \/>\nD\u00f3nde y c\u00f3mo solicitar sus Derechos: Mediante escrito dirigido al responsable a su direcci\u00f3n postal o electr\u00f3nica (indicada en el apartado A), indicando la referencia &quot;Datos Personales&quot;, especificando el derecho que se requiere ejercer y respecto qu\u00e9 datos personales.<\/p>\n<p>En caso de divergencias con la empresa en relaci\u00f3n con el tratamiento de sus datos, puede presentar una reclamaci\u00f3n ante la Agencia de Protecci\u00f3n de Datos (www.agpd.es).<\/p>\n<\/div><\/div><div class=\"wpb_text_column\"><div class=\"wpb_wrapper\"><p>SEGURIDAD DE SUS DATOS PERSONALES<br \/>\nCon el objetivo de salvaguardar la seguridad de sus datos personales, le informamos que hemos adoptado todas las medidas de \u00edndole t\u00e9cnica y organizativa necesarias para garantizar la seguridad de los datos personales suministrados de su alteraci\u00f3n, p\u00e9rdida y tratamientos o accesos no autorizados.<\/p>\n<\/div><\/div><div class=\"wpb_text_column\"><div class=\"wpb_wrapper\"><p>ACTUALIZACI\u00d3N DE DATOS<br \/>\nEs importante que para que podamos mantener los datos personales actualizados, nos informe siempre que haya alguna modificaci\u00f3n en ellos, en caso contrario, no respondemos de la veracidad de los mismos.<br \/>\nNo nos hacemos responsables de la pol\u00edtica de privacidad respecto a datos personales que pueda facilitar a terceros por medio de los enlaces disponibles en nuestra p\u00e1gina web.<br \/>\nLa presente Pol\u00edtica de Privacidad puede ser modificada para adaptarla a los cambios que se produzcan en nuestra web, as\u00ed como modificaciones legislativas o jurisprudenciales sobre datos personales que vayan apareciendo, por lo que exige su lectura, cada vez que nos facilite sus datos a trav\u00e9s de esta Web.<\/p>\n<\/div><\/div><\/div><\/div><\/div><\/div><\/section><section class=\"l-section wpb_row height_medium\"><div class=\"l-section-h i-cf\"><div class=\"g-cols vc_row via_grid cols_1 laptops-cols_inherit tablets-cols_inherit mobiles-cols_1 valign_top type_default stacking_default\"><div class=\"wpb_column vc_column_container\"><div class=\"vc_column-inner\"><div class=\"wpb_text_column\"><div class=\"wpb_wrapper\"><p>D. RESPONSABILIDADES<br \/>\nAl poner a disposici\u00f3n del usuario esta p\u00e1gina Web queremos ofrecerle un servicio de calidad, utilizando la m\u00e1xima diligencia en la prestaci\u00f3n de este, as\u00ed como en los medios tecnol\u00f3gicos utilizados. Sin embargo, no respondemos de la presencia de virus y otros elementos que de alg\u00fan modo puedan da\u00f1ar el sistema inform\u00e1tico del usuario.<\/p>\n<p>No garantizamos que la disponibilidad del servicio sea continua e ininterrumpida.<\/p>\n<p>El USUARIO tiene prohibido cualquier tipo de acci\u00f3n sobre nuestro portal que origine una excesiva sobrecarga de funcionamiento a nuestros sistemas inform\u00e1ticos, as\u00ed como la introducci\u00f3n de virus, o instalaciones de robots, o software que altere el normal funcionamiento de nuestra web , o en definitiva pueda causar da\u00f1os a nuestros sistemas inform\u00e1ticos.<\/p>\n<p>El USUARIO asume toda la responsabilidad derivada del uso de nuestra p\u00e1gina web.<\/p>\n<p>El USUARIO reconoce que ha entendido toda la informaci\u00f3n respecto a las condiciones de uso de nuestro portal, y reconoce que son suficientes para la exclusi\u00f3n del error en las mismas, y por tanto, las acepta integra y expresamente.<\/p>\n<\/div><\/div><\/div><\/div><\/div><\/div><\/section>","protected":false},"excerpt":{"rendered":"Aviso legalEsta p\u00e1gina Web es propiedad de Salses Fruits S&amp;P, con domicilio en Ctra. Cabra del Camp \u2013 43811 FIGUEROLA DEL CAMPO \u2013 Tarragona, Catalu\u00f1a (Spain). Para cualquier pregunta o propuesta, contacten al e-mail: jsans@fruitssp.com Esta p\u00e1gina Web se rige por la normativa exclusivamente aplicable en Espa\u00f1a, quedando sometida a ella, tanto...","protected":false},"author":1,"featured_media":0,"parent":0,"menu_order":0,"comment_status":"closed","ping_status":"closed","template":"","meta":{"inline_featured_image":false,"footnotes":""},"class_list":["post-6487","page","type-page","status-publish","hentry"],"yoast_head":"<!-- This site is optimized with the Yoast SEO plugin v26.7 - https:\/\/yoast.com\/wordpress\/plugins\/seo\/ -->\n<title>Av\u00eds legal - Salses Fruits<\/title>\n<meta name=\"robots\" content=\"noindex, follow\" \/>\n<meta property=\"og:locale\" content=\"es_ES\" \/>\n<meta property=\"og:type\" content=\"article\" \/>\n<meta property=\"og:title\" content=\"Av\u00eds legal - Salses Fruits\" \/>\n<meta property=\"og:url\" content=\"https:\/\/fruitssp.com\/es\/avis-legal\/\" \/>\n<meta property=\"og:site_name\" content=\"Salses Fruits\" \/>\n<meta property=\"article:publisher\" content=\"https:\/\/www.facebook.com\/Salses-Fruits-SP-1137777022906379\/\" \/>\n<meta property=\"article:modified_time\" content=\"2025-10-15T07:47:00+00:00\" \/>\n<meta name=\"twitter:card\" content=\"summary_large_image\" \/>\n<meta name=\"twitter:label1\" content=\"Tiempo de lectura\" \/>\n\t<meta name=\"twitter:data1\" content=\"8 minutos\" \/>\n<!-- \/ Yoast SEO plugin. -->","yoast_head_json":{"title":"Av\u00eds legal - Salses Fruits","robots":{"index":"noindex","follow":"follow"},"og_locale":"es_ES","og_type":"article","og_title":"Av\u00eds legal - Salses Fruits","og_url":"https:\/\/fruitssp.com\/es\/avis-legal\/","og_site_name":"Salses Fruits","article_publisher":"https:\/\/www.facebook.com\/Salses-Fruits-SP-1137777022906379\/","article_modified_time":"2025-10-15T07:47:00+00:00","twitter_card":"summary_large_image","twitter_misc":{"Tiempo de lectura":"8 minutos"},"schema":{"@context":"https:\/\/schema.org","@graph":[{"@type":"WebPage","@id":"https:\/\/fruitssp.com\/avis-legal\/","url":"https:\/\/fruitssp.com\/avis-legal\/","name":"Av\u00eds legal - Salses Fruits","isPartOf":{"@id":"https:\/\/fruitssp.com\/#website"},"datePublished":"2018-05-31T08:21:34+00:00","dateModified":"2025-10-15T07:47:00+00:00","breadcrumb":{"@id":"https:\/\/fruitssp.com\/avis-legal\/#breadcrumb"},"inLanguage":"es","potentialAction":[{"@type":"ReadAction","target":["https:\/\/fruitssp.com\/avis-legal\/"]}]},{"@type":"BreadcrumbList","@id":"https:\/\/fruitssp.com\/avis-legal\/#breadcrumb","itemListElement":[{"@type":"ListItem","position":1,"name":"Inici","item":"https:\/\/fruitssp.com\/"},{"@type":"ListItem","position":2,"name":"Av\u00eds legal"}]},{"@type":"WebSite","@id":"https:\/\/fruitssp.com\/#website","url":"https:\/\/fruitssp.com\/","name":"FruitsSP","description":"Salsas y productos frescos y naturales, de la tierra del cal\u00e7ot","publisher":{"@id":"https:\/\/fruitssp.com\/#organization"},"potentialAction":[{"@type":"SearchAction","target":{"@type":"EntryPoint","urlTemplate":"https:\/\/fruitssp.com\/?s={search_term_string}"},"query-input":{"@type":"PropertyValueSpecification","valueRequired":true,"valueName":"search_term_string"}}],"inLanguage":"es"},{"@type":"Organization","@id":"https:\/\/fruitssp.com\/#organization","name":"Salsas Frutos S &amp; P","url":"https:\/\/fruitssp.com\/","logo":{"@type":"ImageObject","inLanguage":"es","@id":"https:\/\/fruitssp.com\/#\/schema\/logo\/image\/","url":"https:\/\/fruitssp.com\/wp-content\/uploads\/2022\/12\/logoFruits_472x406.png","contentUrl":"https:\/\/fruitssp.com\/wp-content\/uploads\/2022\/12\/logoFruits_472x406.png","width":472,"height":406,"caption":"Salses Fruits S&P"},"image":{"@id":"https:\/\/fruitssp.com\/#\/schema\/logo\/image\/"},"sameAs":["https:\/\/www.facebook.com\/Salses-Fruits-SP-1137777022906379\/","https:\/\/www.instagram.com\/salsesfruitssp\/","https:\/\/www.linkedin.com\/company\/salses-fruits-s-i-p-sl\/"]}]}},"_links":{"self":[{"href":"https:\/\/fruitssp.com\/es\/wp-json\/wp\/v2\/pages\/6487","targetHints":{"allow":["GET"]}}],"collection":[{"href":"https:\/\/fruitssp.com\/es\/wp-json\/wp\/v2\/pages"}],"about":[{"href":"https:\/\/fruitssp.com\/es\/wp-json\/wp\/v2\/types\/page"}],"author":[{"embeddable":true,"href":"https:\/\/fruitssp.com\/es\/wp-json\/wp\/v2\/users\/1"}],"replies":[{"embeddable":true,"href":"https:\/\/fruitssp.com\/es\/wp-json\/wp\/v2\/comments?post=6487"}],"version-history":[{"count":0,"href":"https:\/\/fruitssp.com\/es\/wp-json\/wp\/v2\/pages\/6487\/revisions"}],"wp:attachment":[{"href":"https:\/\/fruitssp.com\/es\/wp-json\/wp\/v2\/media?parent=6487"}],"curies":[{"name":"wp","href":"https:\/\/api.w.org\/{rel}","templated":true}]}}