{"id":15289,"date":"2024-03-26T14:59:29","date_gmt":"2024-03-26T14:59:29","guid":{"rendered":"https:\/\/fruitssp.com\/?post_type=product&#038;p=15289"},"modified":"2026-03-19T12:41:26","modified_gmt":"2026-03-19T12:41:26","slug":"allioli-intens","status":"publish","type":"product","link":"https:\/\/fruitssp.com\/es\/producto\/allioli-intens\/","title":{"rendered":"Allioli Intenso"},"content":{"rendered":"<div class=\"wpb_text_column\">\n<div class=\"wpb_wrapper\">\n<div class=\"col-xs-12 col-md-4\">\n<div class=\"col-xs-12 col-md-4\">\n<div class=\"col-xs-12 col-md-4\">\n<p><strong>Formatos:<br \/>\n<\/strong>180 gy 1,4 kg.<\/p>\n<p><strong>Ingredientes:<br \/>\n<\/strong>Aceite de girasol (82,4%), agua, aceite de oliva virgen extra (4,3%), ajo (3,5%), huevo pasteurizado, zumo de lim\u00f3n y sal (0,8%).<\/p>\n<\/div>\n<\/div>\n<\/div>\n<\/div>\n<\/div>\n<div class=\"g-cols wpb_row type_default valign_top vc_inner\">\n<div class=\"vc_col-sm-6 wpb_column vc_column_container\">\n<div class=\"vc_column-inner\">\n<div class=\"wpb_wrapper\">\n<div class=\"wpb_text_column\">\n<div class=\"wpb_wrapper\">\n<p><strong>Al\u00e9rgenos:<\/strong> Huevo.<br \/>\n<strong>Puede contener:<\/strong> Sulfitos, soja, frutos secos, gluten, leche y mostaza.<br \/>\n<strong>Conservaci\u00f3n:<\/strong> Entre +2\u00baC y +8\u00baC.<br \/>\n<strong>Sugerencias:<\/strong> Carne, pescado, patatas, mariscos, etc.<br \/>\n<strong>Caducidad: <\/strong>40 d\u00edas.<\/p>\n<p><strong>VALORES NUTRICIONALES (por 100 g):<\/strong><\/p>\n<\/div>\n<\/div>\n<\/div>\n<\/div>\n<\/div>\n<div class=\"vc_col-sm-6 wpb_column vc_column_container\">\n<div class=\"vc_column-inner\">\n<div class=\"wpb_wrapper\">\n<div class=\"wpb_text_column\">\n<div class=\"wpb_wrapper\">\n<div class=\"col-xs-12 col-md-4\">\n<table>\n<tbody>\n<tr>\n<td><strong>Valor energ\u00e9tico<\/strong><\/td>\n<td>788 Kcal \/ 3239 kJ<\/td>\n<\/tr>\n<tr>\n<td><strong>Grasas<\/strong><\/td>\n<td>87 g<\/td>\n<\/tr>\n<tr>\n<td><strong>de las cuales saturadas<\/strong><\/td>\n<td>9,8 g<\/td>\n<\/tr>\n<tr>\n<td><strong>Hidratos de Carbono<\/strong><\/td>\n<td>0,8 g<\/td>\n<\/tr>\n<tr>\n<td><strong>de los cuales az\u00facares<\/strong><\/td>\n<td>&lt;0,2 g<\/td>\n<\/tr>\n<tr>\n<td><strong>Prote\u00ednas<\/strong><\/td>\n<td>&lt;0,5 g<\/td>\n<\/tr>\n<tr>\n<td><strong>Sal<\/strong><\/td>\n<td>0,02 g<\/td>\n<\/tr>\n<\/tbody>\n<\/table>\n<\/div>\n<\/div>\n<\/div>\n<\/div>\n<\/div>\n<\/div>\n<\/div>","protected":false},"excerpt":{"rendered":"<p><strong>Salsa Ajo y Aceite Intenso <\/strong>de <strong>Salses Fruits<\/strong>, es un alli y aceite con sabor m\u00e1s intenso que el alioli tradicional, con Aceite de Oliva Virgen Extra, m\u00e1s sal y m\u00e1s ajo. Tiene muy buena consistencia, no pierde su emulsi\u00f3n. No repite.<\/p>\n<p>Ideal para acompa\u00f1ar todo tipo de carnes y pescados a la brasa y tambi\u00e9n platos m\u00e1s elaborados como el bacalao gratinado con ajo y aceite.<\/p>","protected":false},"featured_media":29693,"comment_status":"closed","ping_status":"closed","template":"","meta":{"inline_featured_image":false},"product_cat":[488,93],"product_tag":[146,140],"class_list":{"0":"post-15289","1":"product","2":"type-product","3":"status-publish","4":"has-post-thumbnail","6":"product_cat-nous-productes","7":"product_cat-salses","8":"product_tag-all","9":"product_tag-ou","11":"first","12":"instock","13":"shipping-taxable","14":"product-type-simple"},"yoast_head":"<!-- This site is optimized with the Yoast SEO plugin v26.7 - https:\/\/yoast.com\/wordpress\/plugins\/seo\/ -->\n<title>Allioli Intens - Salses Fruits<\/title>\n<meta name=\"description\" content=\"Salsa All i Oli Intens de Salses Fruits, \u00e9s un alli i oli amb sabor m\u00e9s intens que l\u2019allioli tradicional, amb Oli d\u2019Oliva Verge Extra, m\u00e9s all i m\u00e9s sal. T\u00e9 molt bona consist\u00e8ncia, no perd la seva emulsi\u00f3. No repeteix. Ideal per acompanyar tot tipus de carns i peixos a la brasa i tamb\u00e9 plats m\u00e9s elaborats com \u00e9s el bacall\u00e0 gratinat amb all i oli.\" \/>\n<meta name=\"robots\" content=\"index, follow, max-snippet:-1, max-image-preview:large, max-video-preview:-1\" \/>\n<link rel=\"canonical\" href=\"https:\/\/fruitssp.com\/es\/producto\/allioli-intens\/\" \/>\n<meta property=\"og:locale\" content=\"es_ES\" \/>\n<meta property=\"og:type\" content=\"article\" \/>\n<meta property=\"og:title\" content=\"Allioli Intens - Salses Fruits\" \/>\n<meta property=\"og:description\" content=\"Salsa All i Oli Intens de Salses Fruits, \u00e9s un alli i oli amb sabor m\u00e9s intens que l\u2019allioli tradicional, amb Oli d\u2019Oliva Verge Extra, m\u00e9s all i m\u00e9s sal. T\u00e9 molt bona consist\u00e8ncia, no perd la seva emulsi\u00f3. No repeteix. Ideal per acompanyar tot tipus de carns i peixos a la brasa i tamb\u00e9 plats m\u00e9s elaborats com \u00e9s el bacall\u00e0 gratinat amb all i oli.\" \/>\n<meta property=\"og:url\" content=\"https:\/\/fruitssp.com\/es\/producto\/allioli-intens\/\" \/>\n<meta property=\"og:site_name\" content=\"Salses Fruits\" \/>\n<meta property=\"article:publisher\" content=\"https:\/\/www.facebook.com\/Salses-Fruits-SP-1137777022906379\/\" \/>\n<meta property=\"article:modified_time\" content=\"2026-03-19T12:41:26+00:00\" \/>\n<meta property=\"og:image\" content=\"https:\/\/fruitssp.com\/wp-content\/uploads\/2026\/03\/allioli_intens_groc_600x600-1_web.png\" \/>\n\t<meta property=\"og:image:width\" content=\"600\" \/>\n\t<meta property=\"og:image:height\" content=\"600\" \/>\n\t<meta property=\"og:image:type\" content=\"image\/png\" \/>\n<meta name=\"twitter:card\" content=\"summary_large_image\" \/>\n<meta name=\"twitter:label1\" content=\"Tiempo de lectura\" \/>\n\t<meta name=\"twitter:data1\" content=\"1 minuto\" \/>\n<!-- \/ Yoast SEO plugin. -->","yoast_head_json":{"title":"Allioli Intens - Salses Fruits","description":"Salsa All i Oli Intens de Salses Fruits, \u00e9s un alli i oli amb sabor m\u00e9s intens que l\u2019allioli tradicional, amb Oli d\u2019Oliva Verge Extra, m\u00e9s all i m\u00e9s sal. T\u00e9 molt bona consist\u00e8ncia, no perd la seva emulsi\u00f3. No repeteix. Ideal per acompanyar tot tipus de carns i peixos a la brasa i tamb\u00e9 plats m\u00e9s elaborats com \u00e9s el bacall\u00e0 gratinat amb all i oli.","robots":{"index":"index","follow":"follow","max-snippet":"max-snippet:-1","max-image-preview":"max-image-preview:large","max-video-preview":"max-video-preview:-1"},"canonical":"https:\/\/fruitssp.com\/es\/producto\/allioli-intens\/","og_locale":"es_ES","og_type":"article","og_title":"Allioli Intens - Salses Fruits","og_description":"Salsa All i Oli Intens de Salses Fruits, \u00e9s un alli i oli amb sabor m\u00e9s intens que l\u2019allioli tradicional, amb Oli d\u2019Oliva Verge Extra, m\u00e9s all i m\u00e9s sal. T\u00e9 molt bona consist\u00e8ncia, no perd la seva emulsi\u00f3. No repeteix. Ideal per acompanyar tot tipus de carns i peixos a la brasa i tamb\u00e9 plats m\u00e9s elaborats com \u00e9s el bacall\u00e0 gratinat amb all i oli.","og_url":"https:\/\/fruitssp.com\/es\/producto\/allioli-intens\/","og_site_name":"Salses Fruits","article_publisher":"https:\/\/www.facebook.com\/Salses-Fruits-SP-1137777022906379\/","article_modified_time":"2026-03-19T12:41:26+00:00","og_image":[{"width":600,"height":600,"url":"https:\/\/fruitssp.com\/wp-content\/uploads\/2026\/03\/allioli_intens_groc_600x600-1_web.png","type":"image\/png"}],"twitter_card":"summary_large_image","twitter_misc":{"Tiempo de lectura":"1 minuto"},"schema":{"@context":"https:\/\/schema.org","@graph":[{"@type":"WebPage","@id":"https:\/\/fruitssp.com\/producte\/allioli-intens\/","url":"https:\/\/fruitssp.com\/producte\/allioli-intens\/","name":"Allioli Intens - Salses Fruits","isPartOf":{"@id":"https:\/\/fruitssp.com\/#website"},"primaryImageOfPage":{"@id":"https:\/\/fruitssp.com\/producte\/allioli-intens\/#primaryimage"},"image":{"@id":"https:\/\/fruitssp.com\/producte\/allioli-intens\/#primaryimage"},"thumbnailUrl":"https:\/\/fruitssp.com\/wp-content\/uploads\/2026\/03\/allioli_intens_groc_600x600-1_web.png","datePublished":"2024-03-26T14:59:29+00:00","dateModified":"2026-03-19T12:41:26+00:00","description":"Salsa All i Oli Intens de Salses Fruits, \u00e9s un alli i oli amb sabor m\u00e9s intens que l\u2019allioli tradicional, amb Oli d\u2019Oliva Verge Extra, m\u00e9s all i m\u00e9s sal. T\u00e9 molt bona consist\u00e8ncia, no perd la seva emulsi\u00f3. No repeteix. Ideal per acompanyar tot tipus de carns i peixos a la brasa i tamb\u00e9 plats m\u00e9s elaborats com \u00e9s el bacall\u00e0 gratinat amb all i oli.","breadcrumb":{"@id":"https:\/\/fruitssp.com\/producte\/allioli-intens\/#breadcrumb"},"inLanguage":"es","potentialAction":[{"@type":"ReadAction","target":["https:\/\/fruitssp.com\/producte\/allioli-intens\/"]}]},{"@type":"ImageObject","inLanguage":"es","@id":"https:\/\/fruitssp.com\/producte\/allioli-intens\/#primaryimage","url":"https:\/\/fruitssp.com\/wp-content\/uploads\/2026\/03\/allioli_intens_groc_600x600-1_web.png","contentUrl":"https:\/\/fruitssp.com\/wp-content\/uploads\/2026\/03\/allioli_intens_groc_600x600-1_web.png","width":600,"height":600,"caption":"Allioli Intens de Salses Fruits"},{"@type":"BreadcrumbList","@id":"https:\/\/fruitssp.com\/producte\/allioli-intens\/#breadcrumb","itemListElement":[{"@type":"ListItem","position":1,"name":"Inici","item":"https:\/\/fruitssp.com\/"},{"@type":"ListItem","position":2,"name":"Productes","item":"https:\/\/fruitssp.com\/productes\/"},{"@type":"ListItem","position":3,"name":"Allioli Intens"}]},{"@type":"WebSite","@id":"https:\/\/fruitssp.com\/#website","url":"https:\/\/fruitssp.com\/","name":"FruitsSP","description":"Salsas y productos frescos y naturales, de la tierra del cal\u00e7ot","publisher":{"@id":"https:\/\/fruitssp.com\/#organization"},"potentialAction":[{"@type":"SearchAction","target":{"@type":"EntryPoint","urlTemplate":"https:\/\/fruitssp.com\/?s={search_term_string}"},"query-input":{"@type":"PropertyValueSpecification","valueRequired":true,"valueName":"search_term_string"}}],"inLanguage":"es"},{"@type":"Organization","@id":"https:\/\/fruitssp.com\/#organization","name":"Salsas Frutos S &amp; P","url":"https:\/\/fruitssp.com\/","logo":{"@type":"ImageObject","inLanguage":"es","@id":"https:\/\/fruitssp.com\/#\/schema\/logo\/image\/","url":"https:\/\/fruitssp.com\/wp-content\/uploads\/2022\/12\/logoFruits_472x406.png","contentUrl":"https:\/\/fruitssp.com\/wp-content\/uploads\/2022\/12\/logoFruits_472x406.png","width":472,"height":406,"caption":"Salses Fruits S&P"},"image":{"@id":"https:\/\/fruitssp.com\/#\/schema\/logo\/image\/"},"sameAs":["https:\/\/www.facebook.com\/Salses-Fruits-SP-1137777022906379\/","https:\/\/www.instagram.com\/salsesfruitssp\/","https:\/\/www.linkedin.com\/company\/salses-fruits-s-i-p-sl\/"]}]}},"_links":{"self":[{"href":"https:\/\/fruitssp.com\/es\/wp-json\/wp\/v2\/product\/15289","targetHints":{"allow":["GET"]}}],"collection":[{"href":"https:\/\/fruitssp.com\/es\/wp-json\/wp\/v2\/product"}],"about":[{"href":"https:\/\/fruitssp.com\/es\/wp-json\/wp\/v2\/types\/product"}],"replies":[{"embeddable":true,"href":"https:\/\/fruitssp.com\/es\/wp-json\/wp\/v2\/comments?post=15289"}],"wp:featuredmedia":[{"embeddable":true,"href":"https:\/\/fruitssp.com\/es\/wp-json\/wp\/v2\/media\/29693"}],"wp:attachment":[{"href":"https:\/\/fruitssp.com\/es\/wp-json\/wp\/v2\/media?parent=15289"}],"wp:term":[{"taxonomy":"product_cat","embeddable":true,"href":"https:\/\/fruitssp.com\/es\/wp-json\/wp\/v2\/product_cat?post=15289"},{"taxonomy":"product_tag","embeddable":true,"href":"https:\/\/fruitssp.com\/es\/wp-json\/wp\/v2\/product_tag?post=15289"}],"curies":[{"name":"wp","href":"https:\/\/api.w.org\/{rel}","templated":true}]}}