{"id":29123,"date":"2025-10-13T08:50:21","date_gmt":"2025-10-13T08:50:21","guid":{"rendered":"https:\/\/fruitssp.com\/?post_type=product&#038;p=29123"},"modified":"2025-10-16T06:37:30","modified_gmt":"2025-10-16T06:37:30","slug":"pack-calcotada","status":"publish","type":"product","link":"https:\/\/fruitssp.com\/es\/producto\/pack-calcotada\/","title":{"rendered":"Pack cal\u00e7otada"},"content":{"rendered":"<div class=\"wpb_text_column\">\n<div class=\"wpb_wrapper\">\n<div class=\"col-xs-12 col-md-4\">\n<div class=\"wpb_text_column\">\n<div class=\"wpb_wrapper\">\n<div class=\"col-xs-12 col-md-4\">\n<p><strong>Formatos:<br \/>\n<\/strong>500 g de Salsa Cal\u00e7otada + 120 g de Salsa Alioli.<br \/>\n<small>*Producto de temporada<\/small><\/p>\n<div class=\"wpb_text_column\">\n<div class=\"wpb_wrapper\">\n<div class=\"col-xs-12 col-md-4\">\n<div class=\"wpb_text_column\">\n<div class=\"wpb_wrapper\">\n<div class=\"col-xs-12 col-md-4\">\n<p><strong><u>Salsa cal\u00e7otada<br \/>\n<\/u><\/strong><span class=\"s1\">Salses Fruits.<strong>La salsa cal\u00e7otada de la tierra de los cal\u00e7ots.<\/strong><\/span><\/p>\n<p><strong>Ingredientes:<br \/>\n<\/strong>Aceite de girasol (44%), almendra tostada (14%), agua, tomate frito (12%) (Tomate, aceite de girasol, az\u00facar, almid\u00f3n modificado de patata, sal, cebolla y ajo), avellana tostada (7%) , vinagre de vino (antioxidante: di\u00f3xido de azufre), galleta (Harina de trigo, az\u00facar, aceite vegetal 9% (girasol alto oleico), jarabe de glucosa y fructosa, harina de trigo maltado, gasificantes (carbonato \u00e1cido de sodio y carbonato) \u00e1cido de amonio), sal, emulgente (lecitina de soja), antioxidantes (metabisulfito s\u00f3dico), leche desnatada en polvo), \u00f1ora (0,6%), sal, huevo pasteurizado, piment\u00f3n, conservante (agua tratada, sorbato de potasio y benzoato de sodio) y piment\u00f3n picante.<\/p>\n<\/div>\n<\/div>\n<\/div>\n<div class=\"g-cols wpb_row type_default valign_top vc_inner\">\n<div class=\"vc_col-sm-6 wpb_column vc_column_container\">\n<div class=\"vc_column-inner\">\n<div class=\"wpb_wrapper\">\n<div class=\"wpb_text_column\">\n<div class=\"wpb_wrapper\">\n<p><strong>Al\u00e9rgenos:<\/strong> Frutos secos, sulfitos, gluten, soja, leche y huevo.<br \/>\n<strong>Puede contener:<\/strong> Mostaza.<br \/>\n<strong>Conservaci\u00f3n:<\/strong> Entre + 2\u00baC y + 8\u00baC.<br \/>\n<strong>Caducidad: <\/strong>36 d\u00edas.<\/p>\n<p><strong>VALORES NUTRICIONALES (por 100 g):<\/strong><\/p>\n<\/div>\n<\/div>\n<\/div>\n<\/div>\n<\/div>\n<div class=\"vc_col-sm-6 wpb_column vc_column_container\">\n<div class=\"vc_column-inner\">\n<div class=\"wpb_wrapper\">\n<div class=\"wpb_text_column\">\n<div class=\"wpb_wrapper\">\n<table>\n<tbody>\n<tr>\n<td><strong>Valor energ\u00e9tico<\/strong><\/td>\n<td>2296 KJ \/ 556 Kcal<\/td>\n<\/tr>\n<tr>\n<td><strong>Grasas<\/strong><\/td>\n<td>57 g<\/td>\n<\/tr>\n<tr>\n<td><strong>de las cuales saturadas<\/strong><\/td>\n<td>5,9 g<\/td>\n<\/tr>\n<tr>\n<td><strong>Hidratos de Carbono<\/strong><\/td>\n<td>7,8 g<\/td>\n<\/tr>\n<tr>\n<td><strong>De los cuales az\u00facares<\/strong><\/td>\n<td>3,4 g<\/td>\n<\/tr>\n<tr>\n<td><strong>Prote\u00ednas<\/strong><\/td>\n<td>4,6 g<\/td>\n<\/tr>\n<tr>\n<td><strong>Sal<\/strong><\/td>\n<td>0,27 g<\/td>\n<\/tr>\n<\/tbody>\n<\/table>\n<div class=\"wpb_text_column\">\n<div class=\"wpb_wrapper\">\n<div class=\"col-xs-12 col-md-4\">\n<p><strong><u>Salsa Allioli<\/u><br \/>\nIngredientes:<br \/>\n<\/strong>Aceite de girasol (89%), agua, ajo (2,6%), huevo pasteurizado y sal.<\/p>\n<\/div>\n<\/div>\n<\/div>\n<div class=\"g-cols wpb_row type_default valign_top vc_inner\">\n<div class=\"vc_col-sm-6 wpb_column vc_column_container\">\n<div class=\"vc_column-inner\">\n<div class=\"wpb_wrapper\">\n<div class=\"wpb_text_column\">\n<div class=\"wpb_wrapper\">\n<p><strong>Al\u00e9rgenos:<\/strong> Huevo.<br \/>\n<strong>Puede contener:<br \/>\n<\/strong>Sulfitos, soja, frutos secos, gluten, leche y mostaza.<br \/>\n<strong>Conservaci\u00f3n:<\/strong> Entre + 2\u00baC y + 8\u00baC.<br \/>\n<strong>Caducidad: <\/strong>36 d\u00edas.<\/p>\n<p><strong>VALORES NUTRICIONALES (por 100 g):<\/strong><\/p>\n<\/div>\n<\/div>\n<\/div>\n<\/div>\n<\/div>\n<div class=\"vc_col-sm-6 wpb_column vc_column_container\">\n<div class=\"vc_column-inner\">\n<div class=\"wpb_wrapper\">\n<div class=\"wpb_text_column\">\n<div class=\"wpb_wrapper\">\n<table>\n<tbody>\n<tr>\n<td><strong>Valor energ\u00e9tico<\/strong><\/td>\n<td>3314 KJ \/ 806 Kcal<\/td>\n<\/tr>\n<tr>\n<td><strong>Grasas<\/strong><\/td>\n<td>89 g<\/td>\n<\/tr>\n<tr>\n<td><strong>de las cuales saturadas<\/strong><\/td>\n<td>9,8 g<\/td>\n<\/tr>\n<tr>\n<td><strong>Hidratos de Carbono<\/strong><\/td>\n<td>0,6 g<\/td>\n<\/tr>\n<tr>\n<td><strong>De los cuales az\u00facares<\/strong><\/td>\n<td>&lt;0,5 g<\/td>\n<\/tr>\n<tr>\n<td><strong>Prote\u00ednas<\/strong><\/td>\n<td>&lt;0,5 g<\/td>\n<\/tr>\n<tr>\n<td><strong>Sal<\/strong><\/td>\n<td>0,01 g<\/td>\n<\/tr>\n<\/tbody>\n<\/table>\n<\/div>\n<\/div>\n<\/div>\n<\/div>\n<\/div>\n<\/div>\n<\/div>\n<\/div>\n<\/div>\n<\/div>\n<\/div>\n<\/div>\n<\/div>\n<\/div>\n<\/div>\n<\/div>\n<\/div>\n<\/div>\n<\/div>\n<\/div>\n<\/div>","protected":false},"excerpt":{"rendered":"<p>Pack cal\u00e7otada Salsas Frutos con salsa cal\u00e7otada (salsa de cal\u00e7ots) (500 g) y alioli (120 g) ideal para 4 personas; las salsas tradicionales para acompa\u00f1ar a los cal\u00e7ots y la carne de la cal\u00e7otada.<\/p>","protected":false},"featured_media":13700,"comment_status":"closed","ping_status":"closed","template":"","meta":{"inline_featured_image":false},"product_cat":[93],"product_tag":[146,169,174,197,140,196,141,172],"class_list":{"0":"post-29123","1":"product","2":"type-product","3":"status-publish","4":"has-post-thumbnail","6":"product_cat-salses","7":"product_tag-all","8":"product_tag-ametlla","9":"product_tag-avellana","10":"product_tag-nyores","11":"product_tag-ou","12":"product_tag-pebre","13":"product_tag-tomaquet","14":"product_tag-vinagre","16":"first","17":"instock","18":"shipping-taxable","19":"product-type-simple"},"yoast_head":"<!-- This site is optimized with the Yoast SEO plugin v26.7 - https:\/\/yoast.com\/wordpress\/plugins\/seo\/ -->\n<title>Pack cal\u00e7otada - Salses Fruits<\/title>\n<meta name=\"description\" content=\"Pack cal\u00e7otada Salses Fruits amb salsa cal\u00e7otada (salsa de cal\u00e7ots) (500 g) i allioli (120 g) ideal per a 4 persones; les salses tradicionals per acompanyar els cal\u00e7ots i la carn de la cal\u00e7otada.\" \/>\n<meta name=\"robots\" content=\"index, follow, max-snippet:-1, max-image-preview:large, max-video-preview:-1\" \/>\n<link rel=\"canonical\" href=\"https:\/\/fruitssp.com\/es\/producto\/pack-calcotada\/\" \/>\n<meta property=\"og:locale\" content=\"es_ES\" \/>\n<meta property=\"og:type\" content=\"article\" \/>\n<meta property=\"og:title\" content=\"Pack cal\u00e7otada - Salses Fruits\" \/>\n<meta property=\"og:description\" content=\"Pack cal\u00e7otada Salses Fruits amb salsa cal\u00e7otada (salsa de cal\u00e7ots) (500 g) i allioli (120 g) ideal per a 4 persones; les salses tradicionals per acompanyar els cal\u00e7ots i la carn de la cal\u00e7otada.\" \/>\n<meta property=\"og:url\" content=\"https:\/\/fruitssp.com\/es\/producto\/pack-calcotada\/\" \/>\n<meta property=\"og:site_name\" content=\"Salses Fruits\" \/>\n<meta property=\"article:publisher\" content=\"https:\/\/www.facebook.com\/Salses-Fruits-SP-1137777022906379\/\" \/>\n<meta property=\"article:modified_time\" content=\"2025-10-16T06:37:30+00:00\" \/>\n<meta property=\"og:image\" content=\"https:\/\/fruitssp.com\/wp-content\/uploads\/2023\/01\/fruits-salses-pack-calcotada.png\" \/>\n\t<meta property=\"og:image:width\" content=\"600\" \/>\n\t<meta property=\"og:image:height\" content=\"650\" \/>\n\t<meta property=\"og:image:type\" content=\"image\/png\" \/>\n<meta name=\"twitter:card\" content=\"summary_large_image\" \/>\n<meta name=\"twitter:label1\" content=\"Tiempo de lectura\" \/>\n\t<meta name=\"twitter:data1\" content=\"2 minutos\" \/>\n<!-- \/ Yoast SEO plugin. -->","yoast_head_json":{"title":"Pack cal\u00e7otada - Salses Fruits","description":"Pack cal\u00e7otada Salsas Frutos con salsa cal\u00e7otada (salsa de cal\u00e7ots) (500 g) y alioli (120 g) ideal para 4 personas; las salsas tradicionales para acompa\u00f1ar a los cal\u00e7ots y la carne de la cal\u00e7otada.","robots":{"index":"index","follow":"follow","max-snippet":"max-snippet:-1","max-image-preview":"max-image-preview:large","max-video-preview":"max-video-preview:-1"},"canonical":"https:\/\/fruitssp.com\/es\/producto\/pack-calcotada\/","og_locale":"es_ES","og_type":"article","og_title":"Pack cal\u00e7otada - Salses Fruits","og_description":"Pack cal\u00e7otada Salses Fruits amb salsa cal\u00e7otada (salsa de cal\u00e7ots) (500 g) i allioli (120 g) ideal per a 4 persones; les salses tradicionals per acompanyar els cal\u00e7ots i la carn de la cal\u00e7otada.","og_url":"https:\/\/fruitssp.com\/es\/producto\/pack-calcotada\/","og_site_name":"Salses Fruits","article_publisher":"https:\/\/www.facebook.com\/Salses-Fruits-SP-1137777022906379\/","article_modified_time":"2025-10-16T06:37:30+00:00","og_image":[{"width":600,"height":650,"url":"https:\/\/fruitssp.com\/wp-content\/uploads\/2023\/01\/fruits-salses-pack-calcotada.png","type":"image\/png"}],"twitter_card":"summary_large_image","twitter_misc":{"Tiempo de lectura":"2 minutos"},"schema":{"@context":"https:\/\/schema.org","@graph":[{"@type":"WebPage","@id":"https:\/\/fruitssp.com\/producte\/pack-calcotada\/","url":"https:\/\/fruitssp.com\/producte\/pack-calcotada\/","name":"Pack cal\u00e7otada - Salses Fruits","isPartOf":{"@id":"https:\/\/fruitssp.com\/#website"},"primaryImageOfPage":{"@id":"https:\/\/fruitssp.com\/producte\/pack-calcotada\/#primaryimage"},"image":{"@id":"https:\/\/fruitssp.com\/producte\/pack-calcotada\/#primaryimage"},"thumbnailUrl":"https:\/\/fruitssp.com\/wp-content\/uploads\/2023\/01\/fruits-salses-pack-calcotada.png","datePublished":"2025-10-13T08:50:21+00:00","dateModified":"2025-10-16T06:37:30+00:00","description":"Pack cal\u00e7otada Salsas Frutos con salsa cal\u00e7otada (salsa de cal\u00e7ots) (500 g) y alioli (120 g) ideal para 4 personas; las salsas tradicionales para acompa\u00f1ar a los cal\u00e7ots y la carne de la cal\u00e7otada.","breadcrumb":{"@id":"https:\/\/fruitssp.com\/producte\/pack-calcotada\/#breadcrumb"},"inLanguage":"es","potentialAction":[{"@type":"ReadAction","target":["https:\/\/fruitssp.com\/producte\/pack-calcotada\/"]}]},{"@type":"ImageObject","inLanguage":"es","@id":"https:\/\/fruitssp.com\/producte\/pack-calcotada\/#primaryimage","url":"https:\/\/fruitssp.com\/wp-content\/uploads\/2023\/01\/fruits-salses-pack-calcotada.png","contentUrl":"https:\/\/fruitssp.com\/wp-content\/uploads\/2023\/01\/fruits-salses-pack-calcotada.png","width":600,"height":650,"caption":"Pack cal\u00e7otada de Salses Fruits: la salsa cal\u00e7otada de la terra dels cal\u00e7ots"},{"@type":"BreadcrumbList","@id":"https:\/\/fruitssp.com\/producte\/pack-calcotada\/#breadcrumb","itemListElement":[{"@type":"ListItem","position":1,"name":"Inici","item":"https:\/\/fruitssp.com\/"},{"@type":"ListItem","position":2,"name":"Productes","item":"https:\/\/fruitssp.com\/productes\/"},{"@type":"ListItem","position":3,"name":"Pack cal\u00e7otada"}]},{"@type":"WebSite","@id":"https:\/\/fruitssp.com\/#website","url":"https:\/\/fruitssp.com\/","name":"FruitsSP","description":"Salsas y productos frescos y naturales, de la tierra del cal\u00e7ot","publisher":{"@id":"https:\/\/fruitssp.com\/#organization"},"potentialAction":[{"@type":"SearchAction","target":{"@type":"EntryPoint","urlTemplate":"https:\/\/fruitssp.com\/?s={search_term_string}"},"query-input":{"@type":"PropertyValueSpecification","valueRequired":true,"valueName":"search_term_string"}}],"inLanguage":"es"},{"@type":"Organization","@id":"https:\/\/fruitssp.com\/#organization","name":"Salsas Frutos S &amp; P","url":"https:\/\/fruitssp.com\/","logo":{"@type":"ImageObject","inLanguage":"es","@id":"https:\/\/fruitssp.com\/#\/schema\/logo\/image\/","url":"https:\/\/fruitssp.com\/wp-content\/uploads\/2022\/12\/logoFruits_472x406.png","contentUrl":"https:\/\/fruitssp.com\/wp-content\/uploads\/2022\/12\/logoFruits_472x406.png","width":472,"height":406,"caption":"Salses Fruits S&P"},"image":{"@id":"https:\/\/fruitssp.com\/#\/schema\/logo\/image\/"},"sameAs":["https:\/\/www.facebook.com\/Salses-Fruits-SP-1137777022906379\/","https:\/\/www.instagram.com\/salsesfruitssp\/","https:\/\/www.linkedin.com\/company\/salses-fruits-s-i-p-sl\/"]}]}},"_links":{"self":[{"href":"https:\/\/fruitssp.com\/es\/wp-json\/wp\/v2\/product\/29123","targetHints":{"allow":["GET"]}}],"collection":[{"href":"https:\/\/fruitssp.com\/es\/wp-json\/wp\/v2\/product"}],"about":[{"href":"https:\/\/fruitssp.com\/es\/wp-json\/wp\/v2\/types\/product"}],"replies":[{"embeddable":true,"href":"https:\/\/fruitssp.com\/es\/wp-json\/wp\/v2\/comments?post=29123"}],"wp:featuredmedia":[{"embeddable":true,"href":"https:\/\/fruitssp.com\/es\/wp-json\/wp\/v2\/media\/13700"}],"wp:attachment":[{"href":"https:\/\/fruitssp.com\/es\/wp-json\/wp\/v2\/media?parent=29123"}],"wp:term":[{"taxonomy":"product_cat","embeddable":true,"href":"https:\/\/fruitssp.com\/es\/wp-json\/wp\/v2\/product_cat?post=29123"},{"taxonomy":"product_tag","embeddable":true,"href":"https:\/\/fruitssp.com\/es\/wp-json\/wp\/v2\/product_tag?post=29123"}],"curies":[{"name":"wp","href":"https:\/\/api.w.org\/{rel}","templated":true}]}}