{"id":29692,"date":"2026-03-19T11:13:04","date_gmt":"2026-03-19T11:13:04","guid":{"rendered":"https:\/\/fruitssp.com\/?post_type=product&#038;p=29692"},"modified":"2026-03-27T10:57:11","modified_gmt":"2026-03-27T10:57:11","slug":"chimichurri","status":"publish","type":"product","link":"https:\/\/fruitssp.com\/es\/producto\/chimichurri\/","title":{"rendered":"Chimichurri"},"content":{"rendered":"<div class=\"wpb_text_column\">\n<div class=\"wpb_wrapper\">\n<div class=\"col-xs-12 col-md-4\">\n<div class=\"col-xs-12 col-md-4\">\n<div class=\"col-xs-12 col-md-4\">\n<p><strong>Formatos:<br \/>\n<\/strong>250 g y 1,1 kg (se est\u00e1 estudiando el formato y la presentaci\u00f3n de 150 g)<\/p>\n<p><strong>Ingredientes:<br \/>\n<\/strong>Aceite de girasol refinado, vinagre de vino tinto (SULFITOS), perejil, ajo, guindilla, cebollino, sal, conservantes (E 202 y E 200), or\u00e9gano y piment\u00f3n.<\/p>\n<\/div>\n<\/div>\n<\/div>\n<\/div>\n<\/div>\n<div class=\"g-cols wpb_row type_default valign_top vc_inner\">\n<div class=\"vc_col-sm-6 wpb_column vc_column_container\">\n<div class=\"vc_column-inner\">\n<div class=\"wpb_wrapper\">\n<div class=\"wpb_text_column\">\n<div class=\"wpb_wrapper\">\n<p><strong>Al\u00e9rgenos:<\/strong> Puede contener: LECHE, GLUTEN, CACAHUETES, HUEVO, PESCADO, MOSTAZA y SOJA.<br \/>\n<strong>Conservaci\u00f3n:<\/strong> Entre + 2\u00baC y + 6\u00baC.<br \/>\n<strong>Sugerencias:<\/strong> Salsa para carnes, pescado, setas, paella, mariscada\u2026<br \/>\n<strong>Caducidad: 3<\/strong>0 d\u00edas.<\/p>\n<p><strong>VALORES NUTRICIONALES (por 100 g):<\/strong><\/p>\n<\/div>\n<\/div>\n<\/div>\n<\/div>\n<\/div>\n<div class=\"vc_col-sm-6 wpb_column vc_column_container\">\n<div class=\"vc_column-inner\">\n<div class=\"wpb_wrapper\">\n<div class=\"wpb_text_column\">\n<div class=\"wpb_wrapper\">\n<div class=\"col-xs-12 col-md-4\">\n<table>\n<tbody>\n<tr>\n<td><strong>Valor energ\u00e9tico<\/strong><\/td>\n<td>494 kcal \/ 2031 kJ<\/td>\n<\/tr>\n<tr>\n<td><strong>Grasas<\/strong><\/td>\n<td>53 g<\/td>\n<\/tr>\n<tr>\n<td><strong>de las cuales saturadas<\/strong><\/td>\n<td>5,8 g<\/td>\n<\/tr>\n<tr>\n<td><strong>Hidratos de Carbono<\/strong><\/td>\n<td>3,2 g<\/td>\n<\/tr>\n<tr>\n<td><strong>de los cuales az\u00facares<\/strong><\/td>\n<td>Menos de 0,4 g<\/td>\n<\/tr>\n<tr>\n<td><strong>Prote\u00ednas<\/strong><\/td>\n<td>Menos de 1,2 g<\/td>\n<\/tr>\n<tr>\n<td><strong>Sal<\/strong><\/td>\n<td>0,04 g<\/td>\n<\/tr>\n<\/tbody>\n<\/table>\n<\/div>\n<\/div>\n<\/div>\n<\/div>\n<\/div>\n<\/div>\n<\/div>","protected":false},"excerpt":{"rendered":"<div style=\"background-color: #cc0000; padding: 8px 16px; color: white; text-align: center; display: inline-block; margin-bottom: 32px;\">Producto en desarrollo<\/div>\n<p>La <strong>Salsa chimichurri <\/strong>de <strong>Salses Fruits<\/strong>, Es una salsa tradicional argentina, elaborada artesanalmente seg\u00fan la receta de nuestro chef. Se trata de una salsa cl\u00e1sica con un sabor universal, ideal especialmente para acompa\u00f1ar carnes a la parrilla.<\/p>\n<p>Es ideal para acompa\u00f1ar todo tipo de carnes, pescados, setas, paella, mariscada\u2026<\/p>","protected":false},"featured_media":29697,"comment_status":"closed","ping_status":"closed","template":"","meta":{"inline_featured_image":false},"product_cat":[488,93],"product_tag":[486,487],"class_list":{"0":"post-29692","1":"product","2":"type-product","3":"status-publish","4":"has-post-thumbnail","6":"product_cat-nous-productes","7":"product_cat-salses","8":"product_tag-chimichurri","9":"product_tag-salsa-chimichurri","11":"first","12":"instock","13":"shipping-taxable","14":"product-type-simple"},"yoast_head":"<!-- This site is optimized with the Yoast SEO plugin v26.7 - https:\/\/yoast.com\/wordpress\/plugins\/seo\/ -->\n<title>Chimichurri - Salses Fruits<\/title>\n<meta name=\"description\" content=\"La Salsa Chimichurri de Salses Fruits, \u00e9s una salsa tradicional d&#039;origen argent\u00ed, elaborada de forma artesana a partir de la recepta del nostre chef. Es tracta d&#039;una salsa cl\u00e0ssica de gust universal, especialment per a carns a la brasa.Ideal per acompanyar tota classe de carns, peixos, bolets, paella, mariscada \u2026\" \/>\n<meta name=\"robots\" content=\"index, follow, max-snippet:-1, max-image-preview:large, max-video-preview:-1\" \/>\n<link rel=\"canonical\" href=\"https:\/\/fruitssp.com\/es\/producto\/chimichurri\/\" \/>\n<meta property=\"og:locale\" content=\"es_ES\" \/>\n<meta property=\"og:type\" content=\"article\" \/>\n<meta property=\"og:title\" content=\"Chimichurri - Salses Fruits\" \/>\n<meta property=\"og:description\" content=\"La Salsa Chimichurri de Salses Fruits, \u00e9s una salsa tradicional d&#039;origen argent\u00ed, elaborada de forma artesana a partir de la recepta del nostre chef. Es tracta d&#039;una salsa cl\u00e0ssica de gust universal, especialment per a carns a la brasa.Ideal per acompanyar tota classe de carns, peixos, bolets, paella, mariscada \u2026\" \/>\n<meta property=\"og:url\" content=\"https:\/\/fruitssp.com\/es\/producto\/chimichurri\/\" \/>\n<meta property=\"og:site_name\" content=\"Salses Fruits\" \/>\n<meta property=\"article:publisher\" content=\"https:\/\/www.facebook.com\/Salses-Fruits-SP-1137777022906379\/\" \/>\n<meta property=\"article:modified_time\" content=\"2026-03-27T10:57:11+00:00\" \/>\n<meta property=\"og:image\" content=\"https:\/\/fruitssp.com\/wp-content\/uploads\/2026\/03\/ximichurri_600x600-1_web.png\" \/>\n\t<meta property=\"og:image:width\" content=\"600\" \/>\n\t<meta property=\"og:image:height\" content=\"600\" \/>\n\t<meta property=\"og:image:type\" content=\"image\/png\" \/>\n<meta name=\"twitter:card\" content=\"summary_large_image\" \/>\n<meta name=\"twitter:label1\" content=\"Tiempo de lectura\" \/>\n\t<meta name=\"twitter:data1\" content=\"1 minuto\" \/>\n<!-- \/ Yoast SEO plugin. -->","yoast_head_json":{"title":"Chimichurri - Salses Fruits","description":"La Salsa Chimichurri de Salses Fruits, \u00e9s una salsa tradicional d'origen argent\u00ed, elaborada de forma artesana a partir de la recepta del nostre chef. Es tracta d'una salsa cl\u00e0ssica de gust universal, especialment per a carns a la brasa.Ideal per acompanyar tota classe de carns, peixos, bolets, paella, mariscada \u2026","robots":{"index":"index","follow":"follow","max-snippet":"max-snippet:-1","max-image-preview":"max-image-preview:large","max-video-preview":"max-video-preview:-1"},"canonical":"https:\/\/fruitssp.com\/es\/producto\/chimichurri\/","og_locale":"es_ES","og_type":"article","og_title":"Chimichurri - Salses Fruits","og_description":"La Salsa Chimichurri de Salses Fruits, \u00e9s una salsa tradicional d'origen argent\u00ed, elaborada de forma artesana a partir de la recepta del nostre chef. Es tracta d'una salsa cl\u00e0ssica de gust universal, especialment per a carns a la brasa.Ideal per acompanyar tota classe de carns, peixos, bolets, paella, mariscada \u2026","og_url":"https:\/\/fruitssp.com\/es\/producto\/chimichurri\/","og_site_name":"Salses Fruits","article_publisher":"https:\/\/www.facebook.com\/Salses-Fruits-SP-1137777022906379\/","article_modified_time":"2026-03-27T10:57:11+00:00","og_image":[{"width":600,"height":600,"url":"https:\/\/fruitssp.com\/wp-content\/uploads\/2026\/03\/ximichurri_600x600-1_web.png","type":"image\/png"}],"twitter_card":"summary_large_image","twitter_misc":{"Tiempo de lectura":"1 minuto"},"schema":{"@context":"https:\/\/schema.org","@graph":[{"@type":"WebPage","@id":"https:\/\/fruitssp.com\/producte\/chimichurri\/","url":"https:\/\/fruitssp.com\/producte\/chimichurri\/","name":"Chimichurri - Salses Fruits","isPartOf":{"@id":"https:\/\/fruitssp.com\/#website"},"primaryImageOfPage":{"@id":"https:\/\/fruitssp.com\/producte\/chimichurri\/#primaryimage"},"image":{"@id":"https:\/\/fruitssp.com\/producte\/chimichurri\/#primaryimage"},"thumbnailUrl":"https:\/\/fruitssp.com\/wp-content\/uploads\/2026\/03\/ximichurri_600x600-1_web.png","datePublished":"2026-03-19T11:13:04+00:00","dateModified":"2026-03-27T10:57:11+00:00","description":"La Salsa Chimichurri de Salses Fruits, \u00e9s una salsa tradicional d'origen argent\u00ed, elaborada de forma artesana a partir de la recepta del nostre chef. Es tracta d'una salsa cl\u00e0ssica de gust universal, especialment per a carns a la brasa.Ideal per acompanyar tota classe de carns, peixos, bolets, paella, mariscada \u2026","breadcrumb":{"@id":"https:\/\/fruitssp.com\/producte\/chimichurri\/#breadcrumb"},"inLanguage":"es","potentialAction":[{"@type":"ReadAction","target":["https:\/\/fruitssp.com\/producte\/chimichurri\/"]}]},{"@type":"ImageObject","inLanguage":"es","@id":"https:\/\/fruitssp.com\/producte\/chimichurri\/#primaryimage","url":"https:\/\/fruitssp.com\/wp-content\/uploads\/2026\/03\/ximichurri_600x600-1_web.png","contentUrl":"https:\/\/fruitssp.com\/wp-content\/uploads\/2026\/03\/ximichurri_600x600-1_web.png","width":600,"height":600,"caption":"Salsa Chimichurri de Salses Fruits"},{"@type":"BreadcrumbList","@id":"https:\/\/fruitssp.com\/producte\/chimichurri\/#breadcrumb","itemListElement":[{"@type":"ListItem","position":1,"name":"Inici","item":"https:\/\/fruitssp.com\/"},{"@type":"ListItem","position":2,"name":"Productes","item":"https:\/\/fruitssp.com\/productes\/"},{"@type":"ListItem","position":3,"name":"Chimichurri"}]},{"@type":"WebSite","@id":"https:\/\/fruitssp.com\/#website","url":"https:\/\/fruitssp.com\/","name":"FruitsSP","description":"Salsas y productos frescos y naturales, de la tierra del cal\u00e7ot","publisher":{"@id":"https:\/\/fruitssp.com\/#organization"},"potentialAction":[{"@type":"SearchAction","target":{"@type":"EntryPoint","urlTemplate":"https:\/\/fruitssp.com\/?s={search_term_string}"},"query-input":{"@type":"PropertyValueSpecification","valueRequired":true,"valueName":"search_term_string"}}],"inLanguage":"es"},{"@type":"Organization","@id":"https:\/\/fruitssp.com\/#organization","name":"Salsas Frutos S &amp; P","url":"https:\/\/fruitssp.com\/","logo":{"@type":"ImageObject","inLanguage":"es","@id":"https:\/\/fruitssp.com\/#\/schema\/logo\/image\/","url":"https:\/\/fruitssp.com\/wp-content\/uploads\/2022\/12\/logoFruits_472x406.png","contentUrl":"https:\/\/fruitssp.com\/wp-content\/uploads\/2022\/12\/logoFruits_472x406.png","width":472,"height":406,"caption":"Salses Fruits S&P"},"image":{"@id":"https:\/\/fruitssp.com\/#\/schema\/logo\/image\/"},"sameAs":["https:\/\/www.facebook.com\/Salses-Fruits-SP-1137777022906379\/","https:\/\/www.instagram.com\/salsesfruitssp\/","https:\/\/www.linkedin.com\/company\/salses-fruits-s-i-p-sl\/"]}]}},"_links":{"self":[{"href":"https:\/\/fruitssp.com\/es\/wp-json\/wp\/v2\/product\/29692","targetHints":{"allow":["GET"]}}],"collection":[{"href":"https:\/\/fruitssp.com\/es\/wp-json\/wp\/v2\/product"}],"about":[{"href":"https:\/\/fruitssp.com\/es\/wp-json\/wp\/v2\/types\/product"}],"replies":[{"embeddable":true,"href":"https:\/\/fruitssp.com\/es\/wp-json\/wp\/v2\/comments?post=29692"}],"wp:featuredmedia":[{"embeddable":true,"href":"https:\/\/fruitssp.com\/es\/wp-json\/wp\/v2\/media\/29697"}],"wp:attachment":[{"href":"https:\/\/fruitssp.com\/es\/wp-json\/wp\/v2\/media?parent=29692"}],"wp:term":[{"taxonomy":"product_cat","embeddable":true,"href":"https:\/\/fruitssp.com\/es\/wp-json\/wp\/v2\/product_cat?post=29692"},{"taxonomy":"product_tag","embeddable":true,"href":"https:\/\/fruitssp.com\/es\/wp-json\/wp\/v2\/product_tag?post=29692"}],"curies":[{"name":"wp","href":"https:\/\/api.w.org\/{rel}","templated":true}]}}