{"id":29700,"date":"2026-03-19T11:59:41","date_gmt":"2026-03-19T11:59:41","guid":{"rendered":"https:\/\/fruitssp.com\/?post_type=product&#038;p=29700"},"modified":"2026-03-20T12:23:04","modified_gmt":"2026-03-20T12:23:04","slug":"vinagreta-de-fruits-secs","status":"publish","type":"product","link":"https:\/\/fruitssp.com\/es\/producto\/vinagreta-de-fruits-secs\/","title":{"rendered":"Vinagreta de frutos secos"},"content":{"rendered":"<div class=\"wpb_text_column\">\n<div class=\"wpb_wrapper\">\n<div class=\"col-xs-12 col-md-4\">\n<div class=\"col-xs-12 col-md-4\">\n<div class=\"col-xs-12 col-md-4\">\n<p><strong>Formatos:<br \/>\n<\/strong>950 g (se est\u00e1 estudiando el formato y la presentaci\u00f3n de 150 g)<\/p>\n<p><strong>Ingredientes:<br \/>\n<\/strong><\/p>\n<div class=\"traductor-textarea form-group\">\n<div class=\"textarea-desti col-xs-12 col-sm-6\">\n<div class=\"form-control second-textarea\">Aceite de girasol refinado, agua, vinagre de Moscatel (91 %) (vinagre de vino de Moscatel y mosto de uva concentrado) (SULFITOS), ALMENDRAS (3,11 %), AVELLANAS (3,11 %), MOSTAZA (agua, vinagre de alcohol (contiene SULFITOS), MOSTAZA, jarabe de glucosa y fructosa, az\u00facar, sal, almid\u00f3n modificado, estabilizantes (goma guar, goma xantana), aromas, extracto de c\u00farcuma, conservante (sorbato de potasio) y antioxidante (extracto rico en tocoferoles), miel, CACAHUETE (1,31 %), conservantes (E211 y E202), sal y espesante (goma xantana).<\/div>\n<\/div>\n<\/div>\n<\/div>\n<\/div>\n<\/div>\n<\/div>\n<\/div>\n<div class=\"g-cols wpb_row type_default valign_top vc_inner\">\n<div class=\"vc_col-sm-6 wpb_column vc_column_container\">\n<div class=\"vc_column-inner\">\n<div class=\"wpb_wrapper\">\n<div class=\"wpb_text_column\">\n<div class=\"wpb_wrapper\">\n<p><strong>Al\u00e9rgenos:<\/strong> Puede contener trazas de otras FRUTAS PELADAS, LECHE, GLUTEN, HUEVO, PESCADO y SOJA.<br \/>\n<strong>Conservaci\u00f3n:<\/strong> Entre +2\u00baC y +4\u00baC.<br \/>\n<strong>Sugerencias:<\/strong> Aderezos para verduras, ensaladas, setas, carnes, pescado, marisco\u2026<br \/>\n<strong>Caducidad: <\/strong>30 d\u00edas.<\/p>\n<p><strong>VALORES NUTRICIONALES (por 100 g):<\/strong><\/p>\n<\/div>\n<\/div>\n<\/div>\n<\/div>\n<\/div>\n<div class=\"vc_col-sm-6 wpb_column vc_column_container\">\n<div class=\"vc_column-inner\">\n<div class=\"wpb_wrapper\">\n<div class=\"wpb_text_column\">\n<div class=\"wpb_wrapper\">\n<div class=\"col-xs-12 col-md-4\">\n<table>\n<tbody>\n<tr>\n<td><strong>Valor energ\u00e9tico<\/strong><\/td>\n<td>637 kcal \/ 2667 kJ<\/td>\n<\/tr>\n<tr>\n<td><strong>Grasas<\/strong><\/td>\n<td>67,9 g<\/td>\n<\/tr>\n<tr>\n<td><strong>de las cuales saturadas<\/strong><\/td>\n<td>\u00a07,3 g<\/td>\n<\/tr>\n<tr>\n<td><strong>Hidratos de Carbono<\/strong><\/td>\n<td>5,8 g<\/td>\n<\/tr>\n<tr>\n<td><strong>de los cuales az\u00facares<\/strong><\/td>\n<td>4,5 g<\/td>\n<\/tr>\n<tr>\n<td><strong>Prote\u00ednas<\/strong><\/td>\n<td>1,5 g<\/td>\n<\/tr>\n<tr>\n<td><strong>Sal<\/strong><\/td>\n<td>0,07 g<\/td>\n<\/tr>\n<\/tbody>\n<\/table>\n<\/div>\n<\/div>\n<\/div>\n<\/div>\n<\/div>\n<\/div>\n<\/div>","protected":false},"excerpt":{"rendered":"<div style=\"background-color: #cc0000; padding: 8px 16px; color: white; text-align: center; display: inline-block; margin-bottom: 32px;\">Producto en desarrollo<\/div>\n<p>La <strong>Vinagreta de frutos secos <\/strong>de <strong>Salses Fruits<\/strong>, Es una salsa tradicional elaborada seg\u00fan la receta de nuestro chef.<span class=\"s1\">Es uno de los aderezos m\u00e1s vers\u00e1tiles en la cocina y se utiliza principalmente para realzar el sabor de los alimentos y aportar un toque de acidez y frescura.<\/span><\/p>\n<p class=\"p1\"><span class=\"s1\">Es ideal para ensaladas, pescado y marisco, verduras, embutidos, aperitivos\u2026<\/span><\/p>","protected":false},"featured_media":29696,"comment_status":"closed","ping_status":"closed","template":"","meta":{"inline_featured_image":false},"product_cat":[488,93],"product_tag":[494],"class_list":{"0":"post-29700","1":"product","2":"type-product","3":"status-publish","4":"has-post-thumbnail","6":"product_cat-nous-productes","7":"product_cat-salses","8":"product_tag-vinagreta-de-fruits-secs","10":"first","11":"instock","12":"shipping-taxable","13":"product-type-simple"},"yoast_head":"<!-- This site is optimized with the Yoast SEO plugin v26.7 - https:\/\/yoast.com\/wordpress\/plugins\/seo\/ -->\n<title>Vinagreta de fruits secs - Salses Fruits<\/title>\n<meta name=\"description\" content=\"La Vinagreta de fruits secs de Salses Fruits, \u00e9s una salsa tradicional elaborada a partir de la recepta del nostre chef. Es tracta d&#039;una salsa cl\u00e0ssica, de gust universal, especialment emprada per a potenciar el sabor de plats tradicionals, amanides, bolets, carns, peixos i verdures.\" \/>\n<meta name=\"robots\" content=\"index, follow, max-snippet:-1, max-image-preview:large, max-video-preview:-1\" \/>\n<link rel=\"canonical\" href=\"https:\/\/fruitssp.com\/es\/producto\/vinagreta-de-fruits-secs\/\" \/>\n<meta property=\"og:locale\" content=\"es_ES\" \/>\n<meta property=\"og:type\" content=\"article\" \/>\n<meta property=\"og:title\" content=\"Vinagreta de fruits secs - Salses Fruits\" \/>\n<meta property=\"og:description\" content=\"La Vinagreta de fruits secs de Salses Fruits, \u00e9s una salsa tradicional elaborada a partir de la recepta del nostre chef. Es tracta d&#039;una salsa cl\u00e0ssica, de gust universal, especialment emprada per a potenciar el sabor de plats tradicionals, amanides, bolets, carns, peixos i verdures.\" \/>\n<meta property=\"og:url\" content=\"https:\/\/fruitssp.com\/es\/producto\/vinagreta-de-fruits-secs\/\" \/>\n<meta property=\"og:site_name\" content=\"Salses Fruits\" \/>\n<meta property=\"article:publisher\" content=\"https:\/\/www.facebook.com\/Salses-Fruits-SP-1137777022906379\/\" \/>\n<meta property=\"article:modified_time\" content=\"2026-03-20T12:23:04+00:00\" \/>\n<meta property=\"og:image\" content=\"https:\/\/fruitssp.com\/wp-content\/uploads\/2026\/03\/vinagreta_fsecs_600x600-1_web.png\" \/>\n\t<meta property=\"og:image:width\" content=\"600\" \/>\n\t<meta property=\"og:image:height\" content=\"600\" \/>\n\t<meta property=\"og:image:type\" content=\"image\/png\" \/>\n<meta name=\"twitter:card\" content=\"summary_large_image\" \/>\n<meta name=\"twitter:label1\" content=\"Tiempo de lectura\" \/>\n\t<meta name=\"twitter:data1\" content=\"2 minutos\" \/>\n<!-- \/ Yoast SEO plugin. -->","yoast_head_json":{"title":"Vinagreta de fruits secs - Salses Fruits","description":"La Vinagreta de fruits secs de Salses Fruits, \u00e9s una salsa tradicional elaborada a partir de la recepta del nostre chef. Es tracta d'una salsa cl\u00e0ssica, de gust universal, especialment emprada per a potenciar el sabor de plats tradicionals, amanides, bolets, carns, peixos i verdures.","robots":{"index":"index","follow":"follow","max-snippet":"max-snippet:-1","max-image-preview":"max-image-preview:large","max-video-preview":"max-video-preview:-1"},"canonical":"https:\/\/fruitssp.com\/es\/producto\/vinagreta-de-fruits-secs\/","og_locale":"es_ES","og_type":"article","og_title":"Vinagreta de fruits secs - Salses Fruits","og_description":"La Vinagreta de fruits secs de Salses Fruits, \u00e9s una salsa tradicional elaborada a partir de la recepta del nostre chef. Es tracta d'una salsa cl\u00e0ssica, de gust universal, especialment emprada per a potenciar el sabor de plats tradicionals, amanides, bolets, carns, peixos i verdures.","og_url":"https:\/\/fruitssp.com\/es\/producto\/vinagreta-de-fruits-secs\/","og_site_name":"Salses Fruits","article_publisher":"https:\/\/www.facebook.com\/Salses-Fruits-SP-1137777022906379\/","article_modified_time":"2026-03-20T12:23:04+00:00","og_image":[{"width":600,"height":600,"url":"https:\/\/fruitssp.com\/wp-content\/uploads\/2026\/03\/vinagreta_fsecs_600x600-1_web.png","type":"image\/png"}],"twitter_card":"summary_large_image","twitter_misc":{"Tiempo de lectura":"2 minutos"},"schema":{"@context":"https:\/\/schema.org","@graph":[{"@type":"WebPage","@id":"https:\/\/fruitssp.com\/producte\/vinagreta-de-fruits-secs\/","url":"https:\/\/fruitssp.com\/producte\/vinagreta-de-fruits-secs\/","name":"Vinagreta de fruits secs - Salses Fruits","isPartOf":{"@id":"https:\/\/fruitssp.com\/#website"},"primaryImageOfPage":{"@id":"https:\/\/fruitssp.com\/producte\/vinagreta-de-fruits-secs\/#primaryimage"},"image":{"@id":"https:\/\/fruitssp.com\/producte\/vinagreta-de-fruits-secs\/#primaryimage"},"thumbnailUrl":"https:\/\/fruitssp.com\/wp-content\/uploads\/2026\/03\/vinagreta_fsecs_600x600-1_web.png","datePublished":"2026-03-19T11:59:41+00:00","dateModified":"2026-03-20T12:23:04+00:00","description":"La Vinagreta de fruits secs de Salses Fruits, \u00e9s una salsa tradicional elaborada a partir de la recepta del nostre chef. Es tracta d'una salsa cl\u00e0ssica, de gust universal, especialment emprada per a potenciar el sabor de plats tradicionals, amanides, bolets, carns, peixos i verdures.","breadcrumb":{"@id":"https:\/\/fruitssp.com\/producte\/vinagreta-de-fruits-secs\/#breadcrumb"},"inLanguage":"es","potentialAction":[{"@type":"ReadAction","target":["https:\/\/fruitssp.com\/producte\/vinagreta-de-fruits-secs\/"]}]},{"@type":"ImageObject","inLanguage":"es","@id":"https:\/\/fruitssp.com\/producte\/vinagreta-de-fruits-secs\/#primaryimage","url":"https:\/\/fruitssp.com\/wp-content\/uploads\/2026\/03\/vinagreta_fsecs_600x600-1_web.png","contentUrl":"https:\/\/fruitssp.com\/wp-content\/uploads\/2026\/03\/vinagreta_fsecs_600x600-1_web.png","width":600,"height":600,"caption":"Vinagreta de Fruits Secs de Salses Fruits"},{"@type":"BreadcrumbList","@id":"https:\/\/fruitssp.com\/producte\/vinagreta-de-fruits-secs\/#breadcrumb","itemListElement":[{"@type":"ListItem","position":1,"name":"Inici","item":"https:\/\/fruitssp.com\/"},{"@type":"ListItem","position":2,"name":"Productes","item":"https:\/\/fruitssp.com\/productes\/"},{"@type":"ListItem","position":3,"name":"Vinagreta de fruits secs"}]},{"@type":"WebSite","@id":"https:\/\/fruitssp.com\/#website","url":"https:\/\/fruitssp.com\/","name":"FruitsSP","description":"Salsas y productos frescos y naturales, de la tierra del cal\u00e7ot","publisher":{"@id":"https:\/\/fruitssp.com\/#organization"},"potentialAction":[{"@type":"SearchAction","target":{"@type":"EntryPoint","urlTemplate":"https:\/\/fruitssp.com\/?s={search_term_string}"},"query-input":{"@type":"PropertyValueSpecification","valueRequired":true,"valueName":"search_term_string"}}],"inLanguage":"es"},{"@type":"Organization","@id":"https:\/\/fruitssp.com\/#organization","name":"Salsas Frutos S &amp; P","url":"https:\/\/fruitssp.com\/","logo":{"@type":"ImageObject","inLanguage":"es","@id":"https:\/\/fruitssp.com\/#\/schema\/logo\/image\/","url":"https:\/\/fruitssp.com\/wp-content\/uploads\/2022\/12\/logoFruits_472x406.png","contentUrl":"https:\/\/fruitssp.com\/wp-content\/uploads\/2022\/12\/logoFruits_472x406.png","width":472,"height":406,"caption":"Salses Fruits S&P"},"image":{"@id":"https:\/\/fruitssp.com\/#\/schema\/logo\/image\/"},"sameAs":["https:\/\/www.facebook.com\/Salses-Fruits-SP-1137777022906379\/","https:\/\/www.instagram.com\/salsesfruitssp\/","https:\/\/www.linkedin.com\/company\/salses-fruits-s-i-p-sl\/"]}]}},"_links":{"self":[{"href":"https:\/\/fruitssp.com\/es\/wp-json\/wp\/v2\/product\/29700","targetHints":{"allow":["GET"]}}],"collection":[{"href":"https:\/\/fruitssp.com\/es\/wp-json\/wp\/v2\/product"}],"about":[{"href":"https:\/\/fruitssp.com\/es\/wp-json\/wp\/v2\/types\/product"}],"replies":[{"embeddable":true,"href":"https:\/\/fruitssp.com\/es\/wp-json\/wp\/v2\/comments?post=29700"}],"wp:featuredmedia":[{"embeddable":true,"href":"https:\/\/fruitssp.com\/es\/wp-json\/wp\/v2\/media\/29696"}],"wp:attachment":[{"href":"https:\/\/fruitssp.com\/es\/wp-json\/wp\/v2\/media?parent=29700"}],"wp:term":[{"taxonomy":"product_cat","embeddable":true,"href":"https:\/\/fruitssp.com\/es\/wp-json\/wp\/v2\/product_cat?post=29700"},{"taxonomy":"product_tag","embeddable":true,"href":"https:\/\/fruitssp.com\/es\/wp-json\/wp\/v2\/product_tag?post=29700"}],"curies":[{"name":"wp","href":"https:\/\/api.w.org\/{rel}","templated":true}]}}