{"id":7613,"date":"2020-09-02T07:51:45","date_gmt":"2020-09-02T07:51:45","guid":{"rendered":"https:\/\/fruitssp.com\/?post_type=product&#038;p=7613"},"modified":"2026-03-19T10:21:02","modified_gmt":"2026-03-19T10:21:02","slug":"salsa-calcot","status":"publish","type":"product","link":"https:\/\/fruitssp.com\/es\/producto\/salsa-calcot\/","title":{"rendered":"Salsa Cal\u00e7otada"},"content":{"rendered":"<div id=\"ingredients-salsa-calcotada\"><\/div>\n<div class=\"wpb_text_column\">\n<div class=\"wpb_wrapper\">\n<div class=\"col-xs-12 col-md-4\">\n<div class=\"wpb_text_column\">\n<div class=\"wpb_wrapper\"><strong>Formatos:<\/strong>180 g*, 300 g*, 500 g*, 1 kg* y 1,5 kg*.<\/div>\n<div class=\"wpb_wrapper\" style=\"font-size: small;\">*Producto de temporada<\/div>\n<p>&nbsp;<\/p>\n<div class=\"wpb_wrapper\"><strong>Ingredientes:<\/strong>Aceite de girasol (44%), <b>almendra <\/b>tostada (14%), agua, tomate frito (12%) (Tomate, aceite de girasol, az\u00facar, almid\u00f3n modificado de patata, sal, cebolla y ajo), <b>avellana <\/b>tostada (7%), vinagre de vino (antioxidante: <b>di\u00f3xido de azufre<\/b>), galleta (Harina de <b>trigo<\/b>, az\u00facar, aceite vegetal 9% (girasol alto oleico), jarabe de glucosa y fructosa, harina de <b>trigo <\/b>malteado, gasificantes (carbonato \u00e1cido de sodio y carbonato \u00e1cido de amonio), sal, emulgente (lecitina de <b>soja<\/b>), Antioxidantes (<b>metabisulfito <\/b>s\u00f3dico), <b>leche <\/b>desnatada en polvo), \u00f1ora (0,6%), sal, <b>huevo <\/b>pasteurizado, piment\u00f3n, conservante (agua tratada, sorbato de potasio y benzoato de sodio) y piment\u00f3n picante.<\/div>\n<p>&nbsp;<\/p>\n<div class=\"wpb_wrapper\"><strong>Al\u00e9rgenos:<\/strong> Frutos secos, sulfitos, gluten, soja, leche y huevo.<strong>Puede contener:<\/strong> Mostaza.<strong>Conservaci\u00f3n:<\/strong> Entre +2\u00baC y +8\u00baC.<strong>Caducidad:\u00a0<\/strong>34 d\u00edas.<\/div>\n<p>&nbsp;<\/p>\n<\/div>\n<\/div>\n<\/div>\n<\/div>\n<div class=\"wpb_text_column\">\n<div class=\"wpb_wrapper\">\n<div class=\"g-cols wpb_row type_default valign_top vc_inner\">\n<div class=\"vc_col-sm-6 wpb_column vc_column_container\">\n<div class=\"vc_column-inner\">\n<div class=\"wpb_wrapper\">\n<div class=\"wpb_text_column\">\n<div class=\"wpb_wrapper\"><strong>VALORES NUTRICIONALES (por 100 g):<\/strong><\/div>\n<\/div>\n<\/div>\n<\/div>\n<\/div>\n<div class=\"vc_col-sm-6 wpb_column vc_column_container\">\n<div class=\"vc_column-inner\">\n<div class=\"wpb_wrapper\">\n<div class=\"wpb_text_column\">\n<div class=\"wpb_wrapper\">\n<table>\n<tbody>\n<tr>\n<td><strong>Valor energ\u00e9tico<\/strong><\/td>\n<td>556 Kcal \/ 2296 kJ<\/td>\n<\/tr>\n<tr>\n<td><strong>Grasas<\/strong><\/td>\n<td>57 g<\/td>\n<\/tr>\n<tr>\n<td><strong>de las cuales saturadas<\/strong><\/td>\n<td>5,9 g<\/td>\n<\/tr>\n<tr>\n<td><strong>Hidratos de Carbono<\/strong><\/td>\n<td>7,8 g<\/td>\n<\/tr>\n<tr>\n<td><strong>De los cuales az\u00facares<\/strong><\/td>\n<td>3,4 g<\/td>\n<\/tr>\n<tr>\n<td><strong>Prote\u00ednas<\/strong><\/td>\n<td>4,6 g<\/td>\n<\/tr>\n<tr>\n<td><strong>Sal<\/strong><\/td>\n<td>0,27 g<\/td>\n<\/tr>\n<\/tbody>\n<\/table>\n<\/div>\n<\/div>\n<\/div>\n<\/div>\n<\/div>\n<\/div>\n<\/div>\n<\/div>\n<div class=\"g-cols wpb_row type_default valign_top vc_inner\">\n<div class=\"vc_col-sm-6 wpb_column vc_column_container\">\n<div class=\"wpb_text_column\">\n<p class=\"p1\"><span class=\"s1\"><br \/>\nSalses Fruits: <strong>la salsa cal\u00e7otada de la tierra de los cal\u00e7ots.<\/strong><\/span><\/p>\n<\/div>\n<\/div>\n<\/div>","protected":false},"excerpt":{"rendered":"<p>La salsa cal\u00e7otada de Salses Fruits es una salsa fresca, reci\u00e9n hecha. La que hacemos aqu\u00ed. La receta de la familia. La de casa. La de toda la vida. La salsa cal\u00e7otada de la tierra de los cal\u00e7ots. Es ideal para acompa\u00f1ar una buena cal\u00e7otada.<\/p>","protected":false},"featured_media":12864,"comment_status":"closed","ping_status":"closed","template":"","meta":{"inline_featured_image":false},"product_cat":[93],"product_tag":[169,174,197,140,196,141,172],"class_list":{"0":"post-7613","1":"product","2":"type-product","3":"status-publish","4":"has-post-thumbnail","6":"product_cat-salses","7":"product_tag-ametlla","8":"product_tag-avellana","9":"product_tag-nyores","10":"product_tag-ou","11":"product_tag-pebre","12":"product_tag-tomaquet","13":"product_tag-vinagre","15":"first","16":"instock","17":"shipping-taxable","18":"product-type-simple"},"yoast_head":"<!-- This site is optimized with the Yoast SEO plugin v26.7 - https:\/\/yoast.com\/wordpress\/plugins\/seo\/ -->\n<title>Salsa Cal\u00e7otada - Salses Fruits<\/title>\n<meta name=\"description\" content=\"La Salsa cal\u00e7otada de Salses Fruits \u00e9s una salsa fresca, acabada de fer. La que fem aqu\u00ed. La recepta de la fam\u00edlia. La de casa. La de tota la vida. La salsa cal\u00e7otada de la terra dels cal\u00e7ots. Es ideal per acompanyar una bona cal\u00e7otada.\" \/>\n<meta name=\"robots\" content=\"index, follow, max-snippet:-1, max-image-preview:large, max-video-preview:-1\" \/>\n<link rel=\"canonical\" href=\"https:\/\/fruitssp.com\/es\/producto\/salsa-calcot\/\" \/>\n<meta property=\"og:locale\" content=\"es_ES\" \/>\n<meta property=\"og:type\" content=\"article\" \/>\n<meta property=\"og:title\" content=\"Salsa Cal\u00e7otada - Salses Fruits\" \/>\n<meta property=\"og:description\" content=\"La Salsa cal\u00e7otada de Salses Fruits \u00e9s una salsa fresca, acabada de fer. La que fem aqu\u00ed. La recepta de la fam\u00edlia. La de casa. La de tota la vida. La salsa cal\u00e7otada de la terra dels cal\u00e7ots. Es ideal per acompanyar una bona cal\u00e7otada.\" \/>\n<meta property=\"og:url\" content=\"https:\/\/fruitssp.com\/es\/producto\/salsa-calcot\/\" \/>\n<meta property=\"og:site_name\" content=\"Salses Fruits\" \/>\n<meta property=\"article:publisher\" content=\"https:\/\/www.facebook.com\/Salses-Fruits-SP-1137777022906379\/\" \/>\n<meta property=\"article:modified_time\" content=\"2026-03-19T10:21:02+00:00\" \/>\n<meta property=\"og:image\" content=\"https:\/\/fruitssp.com\/wp-content\/uploads\/2022\/12\/NOUCALCOTADA300.png\" \/>\n\t<meta property=\"og:image:width\" content=\"600\" \/>\n\t<meta property=\"og:image:height\" content=\"600\" \/>\n\t<meta property=\"og:image:type\" content=\"image\/png\" \/>\n<meta name=\"twitter:card\" content=\"summary_large_image\" \/>\n<meta name=\"twitter:label1\" content=\"Tiempo de lectura\" \/>\n\t<meta name=\"twitter:data1\" content=\"2 minutos\" \/>\n<!-- \/ Yoast SEO plugin. -->","yoast_head_json":{"title":"Salsa Cal\u00e7otada - Salses Fruits","description":"La Salsa cal\u00e7otada de Salses Fruits \u00e9s una salsa fresca, acabada de fer. La que fem aqu\u00ed. La recepta de la fam\u00edlia. La de casa. La de tota la vida. La salsa cal\u00e7otada de la terra dels cal\u00e7ots. Es ideal per acompanyar una bona cal\u00e7otada.","robots":{"index":"index","follow":"follow","max-snippet":"max-snippet:-1","max-image-preview":"max-image-preview:large","max-video-preview":"max-video-preview:-1"},"canonical":"https:\/\/fruitssp.com\/es\/producto\/salsa-calcot\/","og_locale":"es_ES","og_type":"article","og_title":"Salsa Cal\u00e7otada - Salses Fruits","og_description":"La Salsa cal\u00e7otada de Salses Fruits \u00e9s una salsa fresca, acabada de fer. La que fem aqu\u00ed. La recepta de la fam\u00edlia. La de casa. La de tota la vida. La salsa cal\u00e7otada de la terra dels cal\u00e7ots. Es ideal per acompanyar una bona cal\u00e7otada.","og_url":"https:\/\/fruitssp.com\/es\/producto\/salsa-calcot\/","og_site_name":"Salses Fruits","article_publisher":"https:\/\/www.facebook.com\/Salses-Fruits-SP-1137777022906379\/","article_modified_time":"2026-03-19T10:21:02+00:00","og_image":[{"width":600,"height":600,"url":"https:\/\/fruitssp.com\/wp-content\/uploads\/2022\/12\/NOUCALCOTADA300.png","type":"image\/png"}],"twitter_card":"summary_large_image","twitter_misc":{"Tiempo de lectura":"2 minutos"},"schema":{"@context":"https:\/\/schema.org","@graph":[{"@type":"WebPage","@id":"https:\/\/fruitssp.com\/producte\/salsa-calcot\/","url":"https:\/\/fruitssp.com\/producte\/salsa-calcot\/","name":"Salsa Cal\u00e7otada - Salses Fruits","isPartOf":{"@id":"https:\/\/fruitssp.com\/#website"},"primaryImageOfPage":{"@id":"https:\/\/fruitssp.com\/producte\/salsa-calcot\/#primaryimage"},"image":{"@id":"https:\/\/fruitssp.com\/producte\/salsa-calcot\/#primaryimage"},"thumbnailUrl":"https:\/\/fruitssp.com\/wp-content\/uploads\/2022\/12\/NOUCALCOTADA300.png","datePublished":"2020-09-02T07:51:45+00:00","dateModified":"2026-03-19T10:21:02+00:00","description":"La Salsa cal\u00e7otada de Salses Fruits \u00e9s una salsa fresca, acabada de fer. La que fem aqu\u00ed. La recepta de la fam\u00edlia. La de casa. La de tota la vida. La salsa cal\u00e7otada de la terra dels cal\u00e7ots. Es ideal per acompanyar una bona cal\u00e7otada.","breadcrumb":{"@id":"https:\/\/fruitssp.com\/producte\/salsa-calcot\/#breadcrumb"},"inLanguage":"es","potentialAction":[{"@type":"ReadAction","target":["https:\/\/fruitssp.com\/producte\/salsa-calcot\/"]}]},{"@type":"ImageObject","inLanguage":"es","@id":"https:\/\/fruitssp.com\/producte\/salsa-calcot\/#primaryimage","url":"https:\/\/fruitssp.com\/wp-content\/uploads\/2022\/12\/NOUCALCOTADA300.png","contentUrl":"https:\/\/fruitssp.com\/wp-content\/uploads\/2022\/12\/NOUCALCOTADA300.png","width":600,"height":600},{"@type":"BreadcrumbList","@id":"https:\/\/fruitssp.com\/producte\/salsa-calcot\/#breadcrumb","itemListElement":[{"@type":"ListItem","position":1,"name":"Inici","item":"https:\/\/fruitssp.com\/"},{"@type":"ListItem","position":2,"name":"Productes","item":"https:\/\/fruitssp.com\/productes\/"},{"@type":"ListItem","position":3,"name":"Salsa Cal\u00e7otada"}]},{"@type":"WebSite","@id":"https:\/\/fruitssp.com\/#website","url":"https:\/\/fruitssp.com\/","name":"FruitsSP","description":"Salsas y productos frescos y naturales, de la tierra del cal\u00e7ot","publisher":{"@id":"https:\/\/fruitssp.com\/#organization"},"potentialAction":[{"@type":"SearchAction","target":{"@type":"EntryPoint","urlTemplate":"https:\/\/fruitssp.com\/?s={search_term_string}"},"query-input":{"@type":"PropertyValueSpecification","valueRequired":true,"valueName":"search_term_string"}}],"inLanguage":"es"},{"@type":"Organization","@id":"https:\/\/fruitssp.com\/#organization","name":"Salsas Frutos S &amp; P","url":"https:\/\/fruitssp.com\/","logo":{"@type":"ImageObject","inLanguage":"es","@id":"https:\/\/fruitssp.com\/#\/schema\/logo\/image\/","url":"https:\/\/fruitssp.com\/wp-content\/uploads\/2022\/12\/logoFruits_472x406.png","contentUrl":"https:\/\/fruitssp.com\/wp-content\/uploads\/2022\/12\/logoFruits_472x406.png","width":472,"height":406,"caption":"Salses Fruits S&P"},"image":{"@id":"https:\/\/fruitssp.com\/#\/schema\/logo\/image\/"},"sameAs":["https:\/\/www.facebook.com\/Salses-Fruits-SP-1137777022906379\/","https:\/\/www.instagram.com\/salsesfruitssp\/","https:\/\/www.linkedin.com\/company\/salses-fruits-s-i-p-sl\/"]}]}},"_links":{"self":[{"href":"https:\/\/fruitssp.com\/es\/wp-json\/wp\/v2\/product\/7613","targetHints":{"allow":["GET"]}}],"collection":[{"href":"https:\/\/fruitssp.com\/es\/wp-json\/wp\/v2\/product"}],"about":[{"href":"https:\/\/fruitssp.com\/es\/wp-json\/wp\/v2\/types\/product"}],"replies":[{"embeddable":true,"href":"https:\/\/fruitssp.com\/es\/wp-json\/wp\/v2\/comments?post=7613"}],"wp:featuredmedia":[{"embeddable":true,"href":"https:\/\/fruitssp.com\/es\/wp-json\/wp\/v2\/media\/12864"}],"wp:attachment":[{"href":"https:\/\/fruitssp.com\/es\/wp-json\/wp\/v2\/media?parent=7613"}],"wp:term":[{"taxonomy":"product_cat","embeddable":true,"href":"https:\/\/fruitssp.com\/es\/wp-json\/wp\/v2\/product_cat?post=7613"},{"taxonomy":"product_tag","embeddable":true,"href":"https:\/\/fruitssp.com\/es\/wp-json\/wp\/v2\/product_tag?post=7613"}],"curies":[{"name":"wp","href":"https:\/\/api.w.org\/{rel}","templated":true}]}}