{"id":7619,"date":"2020-09-24T09:03:19","date_gmt":"2020-09-24T09:03:19","guid":{"rendered":"https:\/\/fruitssp.com\/?post_type=product&#038;p=7619"},"modified":"2025-10-17T09:40:33","modified_gmt":"2025-10-17T09:40:33","slug":"all-i-oli","status":"publish","type":"product","link":"https:\/\/fruitssp.com\/es\/producto\/all-i-oli\/","title":{"rendered":"Allioli"},"content":{"rendered":"<div class=\"wpb_text_column\">\n<div class=\"wpb_wrapper\">\n<div class=\"col-xs-12 col-md-4\">\n<div class=\"col-xs-12 col-md-4\">\n<div class=\"col-xs-12 col-md-4\">\n<p><strong>Formatos:<br \/>\n<\/strong>180 g, 1,4 kg y 4kg.<\/p>\n<p><strong>Ingredientes:<\/strong><br \/>\nAceite de girasol (89%), agua, ajo (2,6%), huevo pasteurizado y sal.<\/p>\n<\/div>\n<\/div>\n<\/div>\n<\/div>\n<\/div>\n<div class=\"g-cols wpb_row type_default valign_top vc_inner\">\n<div class=\"vc_col-sm-6 wpb_column vc_column_container\">\n<div class=\"vc_column-inner\">\n<div class=\"wpb_wrapper\">\n<div class=\"wpb_text_column\">\n<div class=\"wpb_wrapper\">\n<p><strong>Al\u00e9rgenos:<\/strong> Huevo.<br \/>\n<strong>Puede contener:<\/strong> Sulfitos, soja, frutos secos, gluten, leche y mostaza.<br \/>\n<strong>Conservaci\u00f3n:<\/strong> Entre +2\u00baC y +8\u00baC.<br \/>\n<strong>Sugerencias:<\/strong> Carne, pescado, patatas, mariscos, etc.<br \/>\n<strong>Caducidad: <\/strong>36 d\u00edas.<\/p>\n<p><strong>VALORES NUTRICIONALES (por 100 g):<\/strong><\/p>\n<\/div>\n<\/div>\n<\/div>\n<\/div>\n<\/div>\n<div class=\"vc_col-sm-6 wpb_column vc_column_container\">\n<div class=\"vc_column-inner\">\n<div class=\"wpb_wrapper\">\n<div class=\"wpb_text_column\">\n<div class=\"wpb_wrapper\">\n<div class=\"col-xs-12 col-md-4\">\n<table>\n<tbody>\n<tr>\n<td><strong>Valor energ\u00e9tico<\/strong><\/td>\n<td>806 Kcal \/ 3314 kJ<\/td>\n<\/tr>\n<tr>\n<td><strong>Grasas<\/strong><\/td>\n<td>89 g<\/td>\n<\/tr>\n<tr>\n<td><strong>de las cuales saturadas<\/strong><\/td>\n<td>9,8 g<\/td>\n<\/tr>\n<tr>\n<td><strong>Hidratos de Carbono<\/strong><\/td>\n<td>0,6 g<\/td>\n<\/tr>\n<tr>\n<td><strong>de los cuales az\u00facares<\/strong><\/td>\n<td>&lt;0,5 g<\/td>\n<\/tr>\n<tr>\n<td><strong>Prote\u00ednas<\/strong><\/td>\n<td>&lt;0,5 g<\/td>\n<\/tr>\n<tr>\n<td><strong>Sal<\/strong><\/td>\n<td>0,01 g<\/td>\n<\/tr>\n<\/tbody>\n<\/table>\n<\/div>\n<\/div>\n<\/div>\n<\/div>\n<\/div>\n<\/div>\n<\/div>","protected":false},"excerpt":{"rendered":"<div class=\"wpb_text_column\">\n<div class=\"wpb_wrapper\">\n<div class=\"col-xs-12 col-md-4\">\n<div class=\"col-xs-12 col-md-4\">\n<div class=\"col-xs-12 col-md-4\">\n<p>A <strong>Salsas<\/strong> <strong>frutos<\/strong> elaboramos nuestro sugerente y fin\u00edsimo <strong>Allioli<\/strong> artesano ideal para el acompa\u00f1amiento de carne a la brasa, platos de marisco, pescado, verdura y tambi\u00e9n con platos m\u00e1s elaborados como es el bacalao gratinado con ajo y aceite, fideu\u00e1, etc.<\/p>\n<\/div>\n<\/div>\n<\/div>\n<\/div>\n<\/div>\n<div class=\"g-cols wpb_row type_default valign_top vc_inner\">\n<div class=\"vc_col-sm-6 wpb_column vc_column_container\">\n<div class=\"vc_column-inner\">\n<div class=\"wpb_wrapper\">\n<div class=\"wpb_text_column\">\n<div class=\"wpb_wrapper\">\n<div class=\"col-xs-12 col-md-4\"><\/div>\n<\/div>\n<\/div>\n<\/div>\n<\/div>\n<\/div>\n<\/div>","protected":false},"featured_media":12863,"comment_status":"closed","ping_status":"closed","template":"","meta":{"inline_featured_image":false},"product_cat":[93],"product_tag":[146,140],"class_list":{"0":"post-7619","1":"product","2":"type-product","3":"status-publish","4":"has-post-thumbnail","6":"product_cat-salses","7":"product_tag-all","8":"product_tag-ou","10":"first","11":"instock","12":"shipping-taxable","13":"product-type-simple"},"yoast_head":"<!-- This site is optimized with the Yoast SEO plugin v26.7 - https:\/\/yoast.com\/wordpress\/plugins\/seo\/ -->\n<title>Allioli - Salses Fruits<\/title>\n<meta name=\"description\" content=\"A Salses Fruits elaborem el nostre suggeridor i fin\u00edssim Allioli artes\u00e0 ideal per l\u2019acompanyament de carn a la brasa, plats de marisc, peix, verdura\u00a0i tamb\u00e9 amb plats m\u00e9s elaborats com \u00e9s el bacall\u00e0 gratinat amb all i oli, fideu\u00e0, etc.\" \/>\n<meta name=\"robots\" content=\"index, follow, max-snippet:-1, max-image-preview:large, max-video-preview:-1\" \/>\n<link rel=\"canonical\" href=\"https:\/\/fruitssp.com\/es\/producto\/all-i-oli\/\" \/>\n<meta property=\"og:locale\" content=\"es_ES\" \/>\n<meta property=\"og:type\" content=\"article\" \/>\n<meta property=\"og:title\" content=\"Allioli - Salses Fruits\" \/>\n<meta property=\"og:description\" content=\"A Salses Fruits elaborem el nostre suggeridor i fin\u00edssim Allioli artes\u00e0 ideal per l\u2019acompanyament de carn a la brasa, plats de marisc, peix, verdura\u00a0i tamb\u00e9 amb plats m\u00e9s elaborats com \u00e9s el bacall\u00e0 gratinat amb all i oli, fideu\u00e0, etc.\" \/>\n<meta property=\"og:url\" content=\"https:\/\/fruitssp.com\/es\/producto\/all-i-oli\/\" \/>\n<meta property=\"og:site_name\" content=\"Salses Fruits\" \/>\n<meta property=\"article:publisher\" content=\"https:\/\/www.facebook.com\/Salses-Fruits-SP-1137777022906379\/\" \/>\n<meta property=\"article:modified_time\" content=\"2025-10-17T09:40:33+00:00\" \/>\n<meta property=\"og:image\" content=\"https:\/\/fruitssp.com\/wp-content\/uploads\/2020\/09\/NOUALIOLI180.png\" \/>\n\t<meta property=\"og:image:width\" content=\"600\" \/>\n\t<meta property=\"og:image:height\" content=\"600\" \/>\n\t<meta property=\"og:image:type\" content=\"image\/png\" \/>\n<meta name=\"twitter:card\" content=\"summary_large_image\" \/>\n<meta name=\"twitter:label1\" content=\"Tiempo de lectura\" \/>\n\t<meta name=\"twitter:data1\" content=\"1 minuto\" \/>\n<!-- \/ Yoast SEO plugin. -->","yoast_head_json":{"title":"Allioli - Salses Fruits","description":"A Salses Fruits elaborem el nostre suggeridor i fin\u00edssim Allioli artes\u00e0 ideal per l\u2019acompanyament de carn a la brasa, plats de marisc, peix, verdura\u00a0i tamb\u00e9 amb plats m\u00e9s elaborats com \u00e9s el bacall\u00e0 gratinat amb all i oli, fideu\u00e0, etc.","robots":{"index":"index","follow":"follow","max-snippet":"max-snippet:-1","max-image-preview":"max-image-preview:large","max-video-preview":"max-video-preview:-1"},"canonical":"https:\/\/fruitssp.com\/es\/producto\/all-i-oli\/","og_locale":"es_ES","og_type":"article","og_title":"Allioli - Salses Fruits","og_description":"A Salses Fruits elaborem el nostre suggeridor i fin\u00edssim Allioli artes\u00e0 ideal per l\u2019acompanyament de carn a la brasa, plats de marisc, peix, verdura\u00a0i tamb\u00e9 amb plats m\u00e9s elaborats com \u00e9s el bacall\u00e0 gratinat amb all i oli, fideu\u00e0, etc.","og_url":"https:\/\/fruitssp.com\/es\/producto\/all-i-oli\/","og_site_name":"Salses Fruits","article_publisher":"https:\/\/www.facebook.com\/Salses-Fruits-SP-1137777022906379\/","article_modified_time":"2025-10-17T09:40:33+00:00","og_image":[{"width":600,"height":600,"url":"https:\/\/fruitssp.com\/wp-content\/uploads\/2020\/09\/NOUALIOLI180.png","type":"image\/png"}],"twitter_card":"summary_large_image","twitter_misc":{"Tiempo de lectura":"1 minuto"},"schema":{"@context":"https:\/\/schema.org","@graph":[{"@type":"WebPage","@id":"https:\/\/fruitssp.com\/producte\/all-i-oli\/","url":"https:\/\/fruitssp.com\/producte\/all-i-oli\/","name":"Allioli - Salses Fruits","isPartOf":{"@id":"https:\/\/fruitssp.com\/#website"},"primaryImageOfPage":{"@id":"https:\/\/fruitssp.com\/producte\/all-i-oli\/#primaryimage"},"image":{"@id":"https:\/\/fruitssp.com\/producte\/all-i-oli\/#primaryimage"},"thumbnailUrl":"https:\/\/fruitssp.com\/wp-content\/uploads\/2020\/09\/NOUALIOLI180.png","datePublished":"2020-09-24T09:03:19+00:00","dateModified":"2025-10-17T09:40:33+00:00","description":"A Salses Fruits elaborem el nostre suggeridor i fin\u00edssim Allioli artes\u00e0 ideal per l\u2019acompanyament de carn a la brasa, plats de marisc, peix, verdura\u00a0i tamb\u00e9 amb plats m\u00e9s elaborats com \u00e9s el bacall\u00e0 gratinat amb all i oli, fideu\u00e0, etc.","breadcrumb":{"@id":"https:\/\/fruitssp.com\/producte\/all-i-oli\/#breadcrumb"},"inLanguage":"es","potentialAction":[{"@type":"ReadAction","target":["https:\/\/fruitssp.com\/producte\/all-i-oli\/"]}]},{"@type":"ImageObject","inLanguage":"es","@id":"https:\/\/fruitssp.com\/producte\/all-i-oli\/#primaryimage","url":"https:\/\/fruitssp.com\/wp-content\/uploads\/2020\/09\/NOUALIOLI180.png","contentUrl":"https:\/\/fruitssp.com\/wp-content\/uploads\/2020\/09\/NOUALIOLI180.png","width":600,"height":600,"caption":"Allioli de Salses Fruits"},{"@type":"BreadcrumbList","@id":"https:\/\/fruitssp.com\/producte\/all-i-oli\/#breadcrumb","itemListElement":[{"@type":"ListItem","position":1,"name":"Inici","item":"https:\/\/fruitssp.com\/"},{"@type":"ListItem","position":2,"name":"Productes","item":"https:\/\/fruitssp.com\/productes\/"},{"@type":"ListItem","position":3,"name":"Allioli"}]},{"@type":"WebSite","@id":"https:\/\/fruitssp.com\/#website","url":"https:\/\/fruitssp.com\/","name":"FruitsSP","description":"Salsas y productos frescos y naturales, de la tierra del cal\u00e7ot","publisher":{"@id":"https:\/\/fruitssp.com\/#organization"},"potentialAction":[{"@type":"SearchAction","target":{"@type":"EntryPoint","urlTemplate":"https:\/\/fruitssp.com\/?s={search_term_string}"},"query-input":{"@type":"PropertyValueSpecification","valueRequired":true,"valueName":"search_term_string"}}],"inLanguage":"es"},{"@type":"Organization","@id":"https:\/\/fruitssp.com\/#organization","name":"Salsas Frutos S &amp; P","url":"https:\/\/fruitssp.com\/","logo":{"@type":"ImageObject","inLanguage":"es","@id":"https:\/\/fruitssp.com\/#\/schema\/logo\/image\/","url":"https:\/\/fruitssp.com\/wp-content\/uploads\/2022\/12\/logoFruits_472x406.png","contentUrl":"https:\/\/fruitssp.com\/wp-content\/uploads\/2022\/12\/logoFruits_472x406.png","width":472,"height":406,"caption":"Salses Fruits S&P"},"image":{"@id":"https:\/\/fruitssp.com\/#\/schema\/logo\/image\/"},"sameAs":["https:\/\/www.facebook.com\/Salses-Fruits-SP-1137777022906379\/","https:\/\/www.instagram.com\/salsesfruitssp\/","https:\/\/www.linkedin.com\/company\/salses-fruits-s-i-p-sl\/"]}]}},"_links":{"self":[{"href":"https:\/\/fruitssp.com\/es\/wp-json\/wp\/v2\/product\/7619","targetHints":{"allow":["GET"]}}],"collection":[{"href":"https:\/\/fruitssp.com\/es\/wp-json\/wp\/v2\/product"}],"about":[{"href":"https:\/\/fruitssp.com\/es\/wp-json\/wp\/v2\/types\/product"}],"replies":[{"embeddable":true,"href":"https:\/\/fruitssp.com\/es\/wp-json\/wp\/v2\/comments?post=7619"}],"wp:featuredmedia":[{"embeddable":true,"href":"https:\/\/fruitssp.com\/es\/wp-json\/wp\/v2\/media\/12863"}],"wp:attachment":[{"href":"https:\/\/fruitssp.com\/es\/wp-json\/wp\/v2\/media?parent=7619"}],"wp:term":[{"taxonomy":"product_cat","embeddable":true,"href":"https:\/\/fruitssp.com\/es\/wp-json\/wp\/v2\/product_cat?post=7619"},{"taxonomy":"product_tag","embeddable":true,"href":"https:\/\/fruitssp.com\/es\/wp-json\/wp\/v2\/product_tag?post=7619"}],"curies":[{"name":"wp","href":"https:\/\/api.w.org\/{rel}","templated":true}]}}