{"id":7631,"date":"2020-09-24T10:12:05","date_gmt":"2020-09-24T10:12:05","guid":{"rendered":"https:\/\/fruitssp.com\/?post_type=product&#038;p=7631"},"modified":"2026-03-19T10:16:38","modified_gmt":"2026-03-19T10:16:38","slug":"salmorejo","status":"publish","type":"product","link":"https:\/\/fruitssp.com\/es\/producto\/salmorejo\/","title":{"rendered":"Salmorejo"},"content":{"rendered":"<div class=\"wpb_text_column\">\n<div class=\"wpb_wrapper\">\n<p><strong>Formatos:<br \/>\n<\/strong>1 L* y 5 L*.<br \/>\n*Producto de temporada<\/p>\n<p><strong>Ingredientes:<\/strong> Tomate (76%), aceite de oliva virgen extra (7,6%), pan rallado (harina de <strong>trigo<\/strong>, agua, sal y levadura), agua, vinagre de M\u00f3dena (vinagre de vino, mosto de uva concentrada, colorante: caramelo sulfito am\u00f3nico, antioxidante: <strong>di\u00f3xido de azufre<\/strong>), sal, ajo y conservantes: sorbato pot\u00e1sico y \u00e1cido s\u00f3rbico.<\/p>\n<p><strong>Al\u00e9rgenos:<\/strong> <strong>Gluten<\/strong> y <strong>sulfitos<\/strong>.<br \/>\n<strong>Puede contener:<\/strong> <strong>frutos<\/strong> <strong>secos<\/strong>, <strong>huevo<\/strong>, <strong>soja<\/strong>, <strong>mostaza<\/strong> y <strong>leche<\/strong>.<br \/>\n<strong>Conservaci\u00f3n:<\/strong> Entre + 2\u00baC y + 6\u00baC.<br \/>\n<strong>Caducidad:<\/strong> 24 d\u00edas.<\/p>\n<p><strong>VALORES NUTRICIONALES (por 100 g):<\/strong><\/p>\n<\/div>\n<\/div>\n<div class=\"g-cols wpb_row type_default valign_top vc_inner\">\n<div class=\"vc_col-sm-6 wpb_column vc_column_container\">\n<div class=\"vc_column-inner\">\n<div class=\"wpb_wrapper\">\n<div class=\"wpb_text_column\">\n<div class=\"wpb_wrapper\">\n<table>\n<tbody>\n<tr>\n<td><strong>Valor energ\u00e9tico<\/strong><\/td>\n<td>465 kJ \/ 112 Kcal<\/td>\n<\/tr>\n<tr>\n<td><strong>Grasas<\/strong><\/td>\n<td>7,9 g<\/td>\n<\/tr>\n<tr>\n<td><strong>de las cuales saturadas<\/strong><\/td>\n<td>1,2 g<\/td>\n<\/tr>\n<tr>\n<td><strong>Hidratos de Carbono<\/strong><\/td>\n<td>8,0 g<\/td>\n<\/tr>\n<tr>\n<td><strong>de los cuales az\u00facares<\/strong><\/td>\n<td>2,7 g<\/td>\n<\/tr>\n<tr>\n<td><strong>Prote\u00ednas<\/strong><\/td>\n<td>2,0 g<\/td>\n<\/tr>\n<tr>\n<td><strong>Sal<\/strong><\/td>\n<td>0,14 g<\/td>\n<\/tr>\n<\/tbody>\n<\/table>\n<\/div>\n<\/div>\n<\/div>\n<\/div>\n<\/div>\n<\/div>","protected":false},"excerpt":{"rendered":"<div class=\"wpb_text_column\">\n<div class=\"wpb_wrapper\">\n<div style=\"background-color: #cc0000; padding: 8px 16px; color: white; text-align: center; display: inline-block; margin-bottom: 32px;\">PRODUCTO DE TEMPORADA<br \/>\nConsultar disponibilidad<\/div>\n<p>Nuestro <strong>Salmorejo <\/strong><strong>Salses Fruits<\/strong> es un producto fresco que puede servirse como primer plato, aperitivo, etc.<\/p>\n<\/div>\n<\/div>\n<div class=\"g-cols wpb_row type_default valign_top vc_inner\">\n<div class=\"vc_col-sm-6 wpb_column vc_column_container\">\n<div class=\"vc_column-inner\">\n<div class=\"wpb_wrapper\">\n<div class=\"wpb_text_column\">\n<div class=\"wpb_wrapper\"><\/div>\n<\/div>\n<\/div>\n<\/div>\n<\/div>\n<\/div>","protected":false},"featured_media":14548,"comment_status":"closed","ping_status":"closed","template":"","meta":{"inline_featured_image":false},"product_cat":[95],"product_tag":[107,146,152,261,141,172],"class_list":{"0":"post-7631","1":"product","2":"type-product","3":"status-publish","4":"has-post-thumbnail","6":"product_cat-gaspatxo-i-salmorejo","7":"product_tag-aigua","8":"product_tag-all","9":"product_tag-farina-blat","10":"product_tag-oli-oliva-verge-extra","11":"product_tag-tomaquet","12":"product_tag-vinagre","14":"first","15":"instock","16":"shipping-taxable","17":"product-type-simple"},"yoast_head":"<!-- This site is optimized with the Yoast SEO plugin v26.7 - https:\/\/yoast.com\/wordpress\/plugins\/seo\/ -->\n<title>Salmorejo - Salses Fruits<\/title>\n<meta name=\"description\" content=\"El nostre Salmorejo Salses Fruits \u00e9s un producte fresc que es pot servir com a primer plat, aperitiu, etc.\" \/>\n<meta name=\"robots\" content=\"index, follow, max-snippet:-1, max-image-preview:large, max-video-preview:-1\" \/>\n<link rel=\"canonical\" href=\"https:\/\/fruitssp.com\/es\/producto\/salmorejo\/\" \/>\n<meta property=\"og:locale\" content=\"es_ES\" \/>\n<meta property=\"og:type\" content=\"article\" \/>\n<meta property=\"og:title\" content=\"Salmorejo - Salses Fruits\" \/>\n<meta property=\"og:description\" content=\"El nostre Salmorejo Salses Fruits \u00e9s un producte fresc que es pot servir com a primer plat, aperitiu, etc.\" \/>\n<meta property=\"og:url\" content=\"https:\/\/fruitssp.com\/es\/producto\/salmorejo\/\" \/>\n<meta property=\"og:site_name\" content=\"Salses Fruits\" \/>\n<meta property=\"article:publisher\" content=\"https:\/\/www.facebook.com\/Salses-Fruits-SP-1137777022906379\/\" \/>\n<meta property=\"article:modified_time\" content=\"2026-03-19T10:16:38+00:00\" \/>\n<meta property=\"og:image\" content=\"https:\/\/fruitssp.com\/wp-content\/uploads\/2023\/08\/SALMOREJO-FRUITS_2023_600x900.jpg\" \/>\n\t<meta property=\"og:image:width\" content=\"600\" \/>\n\t<meta property=\"og:image:height\" content=\"900\" \/>\n\t<meta property=\"og:image:type\" content=\"image\/jpeg\" \/>\n<meta name=\"twitter:card\" content=\"summary_large_image\" \/>\n<meta name=\"twitter:label1\" content=\"Tiempo de lectura\" \/>\n\t<meta name=\"twitter:data1\" content=\"1 minuto\" \/>\n<!-- \/ Yoast SEO plugin. -->","yoast_head_json":{"title":"Salmorejo - Salses Fruits","description":"El nostre Salmorejo Salses Fruits \u00e9s un producte fresc que es pot servir com a primer plat, aperitiu, etc.","robots":{"index":"index","follow":"follow","max-snippet":"max-snippet:-1","max-image-preview":"max-image-preview:large","max-video-preview":"max-video-preview:-1"},"canonical":"https:\/\/fruitssp.com\/es\/producto\/salmorejo\/","og_locale":"es_ES","og_type":"article","og_title":"Salmorejo - Salses Fruits","og_description":"El nostre Salmorejo Salses Fruits \u00e9s un producte fresc que es pot servir com a primer plat, aperitiu, etc.","og_url":"https:\/\/fruitssp.com\/es\/producto\/salmorejo\/","og_site_name":"Salses Fruits","article_publisher":"https:\/\/www.facebook.com\/Salses-Fruits-SP-1137777022906379\/","article_modified_time":"2026-03-19T10:16:38+00:00","og_image":[{"width":600,"height":900,"url":"https:\/\/fruitssp.com\/wp-content\/uploads\/2023\/08\/SALMOREJO-FRUITS_2023_600x900.jpg","type":"image\/jpeg"}],"twitter_card":"summary_large_image","twitter_misc":{"Tiempo de lectura":"1 minuto"},"schema":{"@context":"https:\/\/schema.org","@graph":[{"@type":"WebPage","@id":"https:\/\/fruitssp.com\/producte\/salmorejo\/","url":"https:\/\/fruitssp.com\/producte\/salmorejo\/","name":"Salmorejo - Salses Fruits","isPartOf":{"@id":"https:\/\/fruitssp.com\/#website"},"primaryImageOfPage":{"@id":"https:\/\/fruitssp.com\/producte\/salmorejo\/#primaryimage"},"image":{"@id":"https:\/\/fruitssp.com\/producte\/salmorejo\/#primaryimage"},"thumbnailUrl":"https:\/\/fruitssp.com\/wp-content\/uploads\/2023\/08\/SALMOREJO-FRUITS_2023_600x900.jpg","datePublished":"2020-09-24T10:12:05+00:00","dateModified":"2026-03-19T10:16:38+00:00","description":"El nostre Salmorejo Salses Fruits \u00e9s un producte fresc que es pot servir com a primer plat, aperitiu, etc.","breadcrumb":{"@id":"https:\/\/fruitssp.com\/producte\/salmorejo\/#breadcrumb"},"inLanguage":"es","potentialAction":[{"@type":"ReadAction","target":["https:\/\/fruitssp.com\/producte\/salmorejo\/"]}]},{"@type":"ImageObject","inLanguage":"es","@id":"https:\/\/fruitssp.com\/producte\/salmorejo\/#primaryimage","url":"https:\/\/fruitssp.com\/wp-content\/uploads\/2023\/08\/SALMOREJO-FRUITS_2023_600x900.jpg","contentUrl":"https:\/\/fruitssp.com\/wp-content\/uploads\/2023\/08\/SALMOREJO-FRUITS_2023_600x900.jpg","width":600,"height":900,"caption":"Salmorejo de Salses Fruits"},{"@type":"BreadcrumbList","@id":"https:\/\/fruitssp.com\/producte\/salmorejo\/#breadcrumb","itemListElement":[{"@type":"ListItem","position":1,"name":"Inici","item":"https:\/\/fruitssp.com\/"},{"@type":"ListItem","position":2,"name":"Productes","item":"https:\/\/fruitssp.com\/productes\/"},{"@type":"ListItem","position":3,"name":"Salmorejo"}]},{"@type":"WebSite","@id":"https:\/\/fruitssp.com\/#website","url":"https:\/\/fruitssp.com\/","name":"FruitsSP","description":"Salsas y productos frescos y naturales, de la tierra del cal\u00e7ot","publisher":{"@id":"https:\/\/fruitssp.com\/#organization"},"potentialAction":[{"@type":"SearchAction","target":{"@type":"EntryPoint","urlTemplate":"https:\/\/fruitssp.com\/?s={search_term_string}"},"query-input":{"@type":"PropertyValueSpecification","valueRequired":true,"valueName":"search_term_string"}}],"inLanguage":"es"},{"@type":"Organization","@id":"https:\/\/fruitssp.com\/#organization","name":"Salsas Frutos S &amp; P","url":"https:\/\/fruitssp.com\/","logo":{"@type":"ImageObject","inLanguage":"es","@id":"https:\/\/fruitssp.com\/#\/schema\/logo\/image\/","url":"https:\/\/fruitssp.com\/wp-content\/uploads\/2022\/12\/logoFruits_472x406.png","contentUrl":"https:\/\/fruitssp.com\/wp-content\/uploads\/2022\/12\/logoFruits_472x406.png","width":472,"height":406,"caption":"Salses Fruits S&P"},"image":{"@id":"https:\/\/fruitssp.com\/#\/schema\/logo\/image\/"},"sameAs":["https:\/\/www.facebook.com\/Salses-Fruits-SP-1137777022906379\/","https:\/\/www.instagram.com\/salsesfruitssp\/","https:\/\/www.linkedin.com\/company\/salses-fruits-s-i-p-sl\/"]}]}},"_links":{"self":[{"href":"https:\/\/fruitssp.com\/es\/wp-json\/wp\/v2\/product\/7631","targetHints":{"allow":["GET"]}}],"collection":[{"href":"https:\/\/fruitssp.com\/es\/wp-json\/wp\/v2\/product"}],"about":[{"href":"https:\/\/fruitssp.com\/es\/wp-json\/wp\/v2\/types\/product"}],"replies":[{"embeddable":true,"href":"https:\/\/fruitssp.com\/es\/wp-json\/wp\/v2\/comments?post=7631"}],"wp:featuredmedia":[{"embeddable":true,"href":"https:\/\/fruitssp.com\/es\/wp-json\/wp\/v2\/media\/14548"}],"wp:attachment":[{"href":"https:\/\/fruitssp.com\/es\/wp-json\/wp\/v2\/media?parent=7631"}],"wp:term":[{"taxonomy":"product_cat","embeddable":true,"href":"https:\/\/fruitssp.com\/es\/wp-json\/wp\/v2\/product_cat?post=7631"},{"taxonomy":"product_tag","embeddable":true,"href":"https:\/\/fruitssp.com\/es\/wp-json\/wp\/v2\/product_tag?post=7631"}],"curies":[{"name":"wp","href":"https:\/\/api.w.org\/{rel}","templated":true}]}}